{"id":3907,"date":"2026-04-15T17:07:34","date_gmt":"2026-04-15T15:07:34","guid":{"rendered":"https:\/\/www.longobuccosrl.com\/?post_type=product&#038;p=3907"},"modified":"2026-04-15T17:07:34","modified_gmt":"2026-04-15T15:07:34","slug":"nduja-intera-circa-350g","status":"publish","type":"product","link":"https:\/\/www.longobuccosrl.com\/?product=nduja-intera-circa-350g","title":{"rendered":"&#8216;NDUJA INTERA (Circa 350g)"},"content":{"rendered":"<div class=\"Y3BBE\" data-sfc-cp=\"\" data-sfc-root=\"c\" data-sfc-cb=\"\" data-hveid=\"CAEIARAA\" data-complete=\"true\" data-processed=\"true\"><strong class=\"Yjhzub\" data-sfc-root=\"c\" data-sfc-cb=\"\" data-complete=\"true\" data-processed=\"true\">&#8216;Nduja <\/strong>\u00e8\u00a0il prodotto pi\u00f9 iconico della Calabria, originario di Spilinga. Si distingue per la sua consistenza morbida e il colore rosso acceso, dovuto all&#8217;altissima concentrazione di peperoncino.<\/div>\n<p><span class=\"T286Pc\" data-sfc-cp=\"\" data-sfc-root=\"c\" data-sfc-cb=\"\" data-complete=\"true\">\u00c8 composta da parti grasse del suino (lardello, guanciale e pancetta), tritate finemente insieme a un&#8217;abbondante dose di peperoncino calabrese essiccato e un pizzico di sale.<\/span><\/p>\n<p><span class=\"T286Pc\" data-sfc-cp=\"\" data-sfc-root=\"c\" data-sfc-cb=\"\" data-complete=\"true\">Un\u2019esplosione di gusto che unisce la sapidit\u00e0 della carne a una piccantezza intensa e persistente, con una nota leggermente affumicata data dalla lavorazione tradizionale.<\/span><\/p>\n<div class=\"Y3BBE\" data-sfc-cp=\"\" data-sfc-root=\"c\" data-sfc-cb=\"\" data-hveid=\"CAEIBhAA\" data-complete=\"true\" data-processed=\"true\">La &#8216;Nduja \u00e8 un ingrediente magico che trasforma ogni piatto. Ecco come utilizzarla:<\/div>\n<ul class=\"IaGLZe VimKh\" data-sfc-root=\"c\" data-complete=\"true\" data-processed=\"true\">\n<li class=\"dF3vjf\" data-sfc-root=\"c\" data-sfc-cb=\"\" data-hveid=\"CAEIBxAA\" data-complete=\"true\" data-sae=\"\"><span class=\"T286Pc\" data-sfc-cp=\"\" data-sfc-root=\"c\" data-sfc-cb=\"\" data-complete=\"true\"><strong class=\"Yjhzub\" data-sfc-root=\"c\" data-sfc-cb=\"\" data-complete=\"true\">&#8220;Lo Scalda-&#8216;Nduja&#8221;:<\/strong>\u00a0Il modo pi\u00f9 autentico \u00e8 scaldarla leggermente in un apposito &#8220;scalda-nduja&#8221; (un piccolo braciere in ceramica) finch\u00e9 non diventa quasi liquida, per poi spalmarla su fette di pane casereccio abbrustolito.<\/span><\/li>\n<li class=\"dF3vjf\" data-sfc-root=\"c\" data-sfc-cb=\"\" data-hveid=\"CAEIBxAB\" data-complete=\"true\" data-sae=\"\"><span class=\"T286Pc\" data-sfc-cp=\"\" data-sfc-root=\"c\" data-sfc-cb=\"\" data-complete=\"true\"><strong class=\"Yjhzub\" data-sfc-root=\"c\" data-sfc-cb=\"\" data-complete=\"true\">Sugo alla &#8216;Nduja:<\/strong>\u00a0\u00c8 perfetta per condire la pasta (soprattutto i fileja o gli spaghetti). Basta farne sciogliere un cucchiaio in un soffritto di cipolla rossa di Tropea e pomodoro.<\/span><\/li>\n<li class=\"dF3vjf\" data-sfc-root=\"c\" data-sfc-cb=\"\" data-hveid=\"CAEIBxAC\" data-complete=\"true\" data-sae=\"\"><span class=\"T286Pc\" data-sfc-cp=\"\" data-sfc-root=\"c\" data-sfc-cb=\"\" data-complete=\"true\"><strong class=\"Yjhzub\" data-sfc-root=\"c\" data-sfc-cb=\"\" data-complete=\"true\">Topping Gourmet:<\/strong>\u00a0Aggiungila a fine cottura su uova al tegamino, verdure ripassate in padella o come tocco piccante su una pizza con burrata fresca.<\/span><\/li>\n<li class=\"dF3vjf\" data-sfc-root=\"c\" data-sfc-cb=\"\" data-hveid=\"CAEIBxAD\" data-complete=\"true\" data-sae=\"\"><span class=\"T286Pc\" data-sfc-cp=\"\" data-sfc-root=\"c\" data-sfc-cb=\"\" data-complete=\"true\" aria-owns=\"action-menu-parent-container\"><strong class=\"Yjhzub\" data-sfc-root=\"c\" data-sfc-cb=\"\" data-complete=\"true\">Consiglio di conservazione:<\/strong>\u00a0Una volta aperta, riponila in un contenitore di vetro o avvolgila bene nella pellicola e conservala in frigo. Il peperoncino funge da conservante naturale, quindi si mantiene ottima a lungo.<\/span><\/li>\n<\/ul>\n<div class=\"Fsg96\" data-sfc-cp=\"\" data-sfc-root=\"c\" data-sfc-cb=\"\" data-complete=\"true\" data-processed=\"true\"><\/div>\n<div class=\"Fsg96\" data-sfc-cp=\"\" data-sfc-root=\"c\" data-sfc-cb=\"\" data-complete=\"true\" data-processed=\"true\"><\/div>\n","protected":false},"excerpt":{"rendered":"<p>&#8216;Nduja \u00e8\u00a0il prodotto pi\u00f9 iconico della Calabria, originario di Spilinga. Si distingue per la sua consistenza morbida e il colore rosso acceso, dovuto all&#8217;altissima concentrazione di peperoncino. \u00c8 composta da parti grasse del suino (lardello, guanciale e pancetta), tritate finemente insieme a un&#8217;abbondante dose di peperoncino calabrese essiccato e un pizzico di sale. Un\u2019esplosione di [&hellip;]<\/p>\n","protected":false},"featured_media":3908,"comment_status":"open","ping_status":"closed","template":"","meta":[],"product_brand":[],"product_cat":[40],"product_tag":[],"class_list":{"0":"post-3907","1":"product","2":"type-product","3":"status-publish","4":"has-post-thumbnail","6":"product_cat-salumi","8":"first","9":"instock","10":"taxable","11":"shipping-taxable","12":"purchasable","13":"product-type-simple"},"yoast_head":"<!-- This site is optimized with the Yoast SEO plugin v27.4 - https:\/\/yoast.com\/product\/yoast-seo-wordpress\/ -->\n<title>&#039;NDUJA INTERA (Circa 350g) - Longobucco Srl<\/title>\n<meta name=\"robots\" content=\"index, follow, max-snippet:-1, max-image-preview:large, max-video-preview:-1\" \/>\n<link rel=\"canonical\" href=\"https:\/\/www.longobuccosrl.com\/?product=nduja-intera-circa-350g\" \/>\n<meta property=\"og:locale\" content=\"it_IT\" \/>\n<meta property=\"og:type\" content=\"article\" \/>\n<meta property=\"og:title\" content=\"&#039;NDUJA INTERA (Circa 350g) - Longobucco Srl\" \/>\n<meta property=\"og:description\" content=\"&#8216;Nduja \u00e8\u00a0il prodotto pi\u00f9 iconico della Calabria, originario di Spilinga. Si distingue per la sua consistenza morbida e il colore rosso acceso, dovuto all&#8217;altissima concentrazione di peperoncino. \u00c8 composta da parti grasse del suino (lardello, guanciale e pancetta), tritate finemente insieme a un&#8217;abbondante dose di peperoncino calabrese essiccato e un pizzico di sale. Un\u2019esplosione di [&hellip;]\" \/>\n<meta property=\"og:url\" content=\"https:\/\/www.longobuccosrl.com\/?product=nduja-intera-circa-350g\" \/>\n<meta property=\"og:site_name\" content=\"Longobucco Srl\" \/>\n<meta property=\"og:image\" content=\"https:\/\/www.longobuccosrl.com\/wp-content\/uploads\/2026\/04\/RAC001.jpg\" \/>\n\t<meta property=\"og:image:width\" content=\"612\" \/>\n\t<meta property=\"og:image:height\" content=\"643\" \/>\n\t<meta property=\"og:image:type\" content=\"image\/jpeg\" \/>\n<meta name=\"twitter:card\" content=\"summary_large_image\" \/>\n<meta name=\"twitter:label1\" content=\"Tempo di lettura stimato\" \/>\n\t<meta name=\"twitter:data1\" content=\"2 minuti\" \/>\n<script type=\"application\/ld+json\" class=\"yoast-schema-graph\">{\"@context\":\"https:\\\/\\\/schema.org\",\"@graph\":[{\"@type\":\"WebPage\",\"@id\":\"https:\\\/\\\/www.longobuccosrl.com\\\/?product=nduja-intera-circa-350g\",\"url\":\"https:\\\/\\\/www.longobuccosrl.com\\\/?product=nduja-intera-circa-350g\",\"name\":\"'NDUJA INTERA (Circa 350g) - Longobucco Srl\",\"isPartOf\":{\"@id\":\"https:\\\/\\\/www.longobuccosrl.com\\\/#website\"},\"primaryImageOfPage\":{\"@id\":\"https:\\\/\\\/www.longobuccosrl.com\\\/?product=nduja-intera-circa-350g#primaryimage\"},\"image\":{\"@id\":\"https:\\\/\\\/www.longobuccosrl.com\\\/?product=nduja-intera-circa-350g#primaryimage\"},\"thumbnailUrl\":\"https:\\\/\\\/www.longobuccosrl.com\\\/wp-content\\\/uploads\\\/2026\\\/04\\\/RAC001.jpg\",\"datePublished\":\"2026-04-15T15:07:34+00:00\",\"breadcrumb\":{\"@id\":\"https:\\\/\\\/www.longobuccosrl.com\\\/?product=nduja-intera-circa-350g#breadcrumb\"},\"inLanguage\":\"it-IT\",\"potentialAction\":[{\"@type\":\"ReadAction\",\"target\":[\"https:\\\/\\\/www.longobuccosrl.com\\\/?product=nduja-intera-circa-350g\"]}]},{\"@type\":\"ImageObject\",\"inLanguage\":\"it-IT\",\"@id\":\"https:\\\/\\\/www.longobuccosrl.com\\\/?product=nduja-intera-circa-350g#primaryimage\",\"url\":\"https:\\\/\\\/www.longobuccosrl.com\\\/wp-content\\\/uploads\\\/2026\\\/04\\\/RAC001.jpg\",\"contentUrl\":\"https:\\\/\\\/www.longobuccosrl.com\\\/wp-content\\\/uploads\\\/2026\\\/04\\\/RAC001.jpg\",\"width\":612,\"height\":643},{\"@type\":\"BreadcrumbList\",\"@id\":\"https:\\\/\\\/www.longobuccosrl.com\\\/?product=nduja-intera-circa-350g#breadcrumb\",\"itemListElement\":[{\"@type\":\"ListItem\",\"position\":1,\"name\":\"Home\",\"item\":\"https:\\\/\\\/www.longobuccosrl.com\\\/\"},{\"@type\":\"ListItem\",\"position\":2,\"name\":\"Shop\",\"item\":\"https:\\\/\\\/www.longobuccosrl.com\\\/?page_id=3467\"},{\"@type\":\"ListItem\",\"position\":3,\"name\":\"&#8216;NDUJA INTERA (Circa 350g)\"}]},{\"@type\":\"WebSite\",\"@id\":\"https:\\\/\\\/www.longobuccosrl.com\\\/#website\",\"url\":\"https:\\\/\\\/www.longobuccosrl.com\\\/\",\"name\":\"Longobucco Srl\",\"description\":\"Il sito web di Longobucco Srl\",\"potentialAction\":[{\"@type\":\"SearchAction\",\"target\":{\"@type\":\"EntryPoint\",\"urlTemplate\":\"https:\\\/\\\/www.longobuccosrl.com\\\/?s={search_term_string}\"},\"query-input\":{\"@type\":\"PropertyValueSpecification\",\"valueRequired\":true,\"valueName\":\"search_term_string\"}}],\"inLanguage\":\"it-IT\"}]}<\/script>\n<!-- \/ Yoast SEO plugin. -->","yoast_head_json":{"title":"'NDUJA INTERA (Circa 350g) - Longobucco Srl","robots":{"index":"index","follow":"follow","max-snippet":"max-snippet:-1","max-image-preview":"max-image-preview:large","max-video-preview":"max-video-preview:-1"},"canonical":"https:\/\/www.longobuccosrl.com\/?product=nduja-intera-circa-350g","og_locale":"it_IT","og_type":"article","og_title":"'NDUJA INTERA (Circa 350g) - Longobucco Srl","og_description":"&#8216;Nduja \u00e8\u00a0il prodotto pi\u00f9 iconico della Calabria, originario di Spilinga. Si distingue per la sua consistenza morbida e il colore rosso acceso, dovuto all&#8217;altissima concentrazione di peperoncino. \u00c8 composta da parti grasse del suino (lardello, guanciale e pancetta), tritate finemente insieme a un&#8217;abbondante dose di peperoncino calabrese essiccato e un pizzico di sale. Un\u2019esplosione di [&hellip;]","og_url":"https:\/\/www.longobuccosrl.com\/?product=nduja-intera-circa-350g","og_site_name":"Longobucco Srl","og_image":[{"width":612,"height":643,"url":"https:\/\/www.longobuccosrl.com\/wp-content\/uploads\/2026\/04\/RAC001.jpg","type":"image\/jpeg"}],"twitter_card":"summary_large_image","twitter_misc":{"Tempo di lettura stimato":"2 minuti"},"schema":{"@context":"https:\/\/schema.org","@graph":[{"@type":"WebPage","@id":"https:\/\/www.longobuccosrl.com\/?product=nduja-intera-circa-350g","url":"https:\/\/www.longobuccosrl.com\/?product=nduja-intera-circa-350g","name":"'NDUJA INTERA (Circa 350g) - Longobucco Srl","isPartOf":{"@id":"https:\/\/www.longobuccosrl.com\/#website"},"primaryImageOfPage":{"@id":"https:\/\/www.longobuccosrl.com\/?product=nduja-intera-circa-350g#primaryimage"},"image":{"@id":"https:\/\/www.longobuccosrl.com\/?product=nduja-intera-circa-350g#primaryimage"},"thumbnailUrl":"https:\/\/www.longobuccosrl.com\/wp-content\/uploads\/2026\/04\/RAC001.jpg","datePublished":"2026-04-15T15:07:34+00:00","breadcrumb":{"@id":"https:\/\/www.longobuccosrl.com\/?product=nduja-intera-circa-350g#breadcrumb"},"inLanguage":"it-IT","potentialAction":[{"@type":"ReadAction","target":["https:\/\/www.longobuccosrl.com\/?product=nduja-intera-circa-350g"]}]},{"@type":"ImageObject","inLanguage":"it-IT","@id":"https:\/\/www.longobuccosrl.com\/?product=nduja-intera-circa-350g#primaryimage","url":"https:\/\/www.longobuccosrl.com\/wp-content\/uploads\/2026\/04\/RAC001.jpg","contentUrl":"https:\/\/www.longobuccosrl.com\/wp-content\/uploads\/2026\/04\/RAC001.jpg","width":612,"height":643},{"@type":"BreadcrumbList","@id":"https:\/\/www.longobuccosrl.com\/?product=nduja-intera-circa-350g#breadcrumb","itemListElement":[{"@type":"ListItem","position":1,"name":"Home","item":"https:\/\/www.longobuccosrl.com\/"},{"@type":"ListItem","position":2,"name":"Shop","item":"https:\/\/www.longobuccosrl.com\/?page_id=3467"},{"@type":"ListItem","position":3,"name":"&#8216;NDUJA INTERA (Circa 350g)"}]},{"@type":"WebSite","@id":"https:\/\/www.longobuccosrl.com\/#website","url":"https:\/\/www.longobuccosrl.com\/","name":"Longobucco Srl","description":"Il sito web di Longobucco Srl","potentialAction":[{"@type":"SearchAction","target":{"@type":"EntryPoint","urlTemplate":"https:\/\/www.longobuccosrl.com\/?s={search_term_string}"},"query-input":{"@type":"PropertyValueSpecification","valueRequired":true,"valueName":"search_term_string"}}],"inLanguage":"it-IT"}]}},"jetpack_sharing_enabled":true,"_links":{"self":[{"href":"https:\/\/www.longobuccosrl.com\/index.php?rest_route=\/wp\/v2\/product\/3907","targetHints":{"allow":["GET"]}}],"collection":[{"href":"https:\/\/www.longobuccosrl.com\/index.php?rest_route=\/wp\/v2\/product"}],"about":[{"href":"https:\/\/www.longobuccosrl.com\/index.php?rest_route=\/wp\/v2\/types\/product"}],"replies":[{"embeddable":true,"href":"https:\/\/www.longobuccosrl.com\/index.php?rest_route=%2Fwp%2Fv2%2Fcomments&post=3907"}],"wp:featuredmedia":[{"embeddable":true,"href":"https:\/\/www.longobuccosrl.com\/index.php?rest_route=\/wp\/v2\/media\/3908"}],"wp:attachment":[{"href":"https:\/\/www.longobuccosrl.com\/index.php?rest_route=%2Fwp%2Fv2%2Fmedia&parent=3907"}],"wp:term":[{"taxonomy":"product_brand","embeddable":true,"href":"https:\/\/www.longobuccosrl.com\/index.php?rest_route=%2Fwp%2Fv2%2Fproduct_brand&post=3907"},{"taxonomy":"product_cat","embeddable":true,"href":"https:\/\/www.longobuccosrl.com\/index.php?rest_route=%2Fwp%2Fv2%2Fproduct_cat&post=3907"},{"taxonomy":"product_tag","embeddable":true,"href":"https:\/\/www.longobuccosrl.com\/index.php?rest_route=%2Fwp%2Fv2%2Fproduct_tag&post=3907"}],"curies":[{"name":"wp","href":"https:\/\/api.w.org\/{rel}","templated":true}]}}