{"id":3492,"date":"2022-07-27T17:23:37","date_gmt":"2022-07-27T15:23:37","guid":{"rendered":"https:\/\/www.longobuccosrl.com\/?post_type=product&#038;p=3492"},"modified":"2026-04-15T11:56:59","modified_gmt":"2026-04-15T09:56:59","slug":"salsiccia-curva-dolce-circa-300g","status":"publish","type":"product","link":"https:\/\/www.longobuccosrl.com\/?product=salsiccia-curva-dolce-circa-300g","title":{"rendered":"SALSICCIA CURVA DOLCE (circa 300g)"},"content":{"rendered":"<p>La salsiccia \u00e8 il salume pi\u00f9 popolare della tradizione calabrese e si ottiene dalla spalla e dalla pancetta del suino. Tritate a medio taglio, impastate e aromatizzate con peperoncino rosso dolce calabrese, le carni vengono insaccate in budello naturale dandogli la caratteristica forma a ferro di cavallo.<\/p>\n","protected":false},"excerpt":{"rendered":"<p>La salsiccia \u00e8 il salume pi\u00f9 popolare della tradizione calabrese e si ottiene dalla spalla e dalla pancetta del suino. Tritate a medio taglio, impastate e aromatizzate con peperoncino rosso dolce calabrese, le carni vengono insaccate in budello naturale dandogli la caratteristica forma a ferro di cavallo.<\/p>\n","protected":false},"featured_media":3886,"comment_status":"open","ping_status":"closed","template":"","meta":[],"product_brand":[],"product_cat":[40],"product_tag":[],"class_list":{"0":"post-3492","1":"product","2":"type-product","3":"status-publish","4":"has-post-thumbnail","6":"product_cat-salumi","8":"first","9":"instock","10":"taxable","11":"shipping-taxable","12":"purchasable","13":"product-type-simple"},"yoast_head":"<!-- This site is optimized with the Yoast SEO plugin v27.4 - https:\/\/yoast.com\/product\/yoast-seo-wordpress\/ -->\n<title>SALSICCIA CURVA DOLCE (circa 300g) - Longobucco Srl<\/title>\n<meta name=\"description\" content=\"La salsiccia \u00e8 il salume pi\u00f9 popolare della tradizione calabrese e si ottiene dalla spalla e dalla pancetta del suino. La salsiccia curva dolce \u00e8...\" \/>\n<meta name=\"robots\" content=\"index, follow, max-snippet:-1, max-image-preview:large, max-video-preview:-1\" \/>\n<link rel=\"canonical\" href=\"https:\/\/www.longobuccosrl.com\/?product=salsiccia-curva-dolce-circa-300g\" \/>\n<meta property=\"og:locale\" content=\"it_IT\" \/>\n<meta property=\"og:type\" content=\"article\" \/>\n<meta property=\"og:title\" content=\"SALSICCIA CURVA DOLCE (circa 300g) - Longobucco Srl\" \/>\n<meta property=\"og:description\" content=\"La salsiccia \u00e8 il salume pi\u00f9 popolare della tradizione calabrese e si ottiene dalla spalla e dalla pancetta del suino. La salsiccia curva dolce \u00e8...\" \/>\n<meta property=\"og:url\" content=\"https:\/\/www.longobuccosrl.com\/?product=salsiccia-curva-dolce-circa-300g\" \/>\n<meta property=\"og:site_name\" content=\"Longobucco Srl\" \/>\n<meta property=\"article:modified_time\" content=\"2026-04-15T09:56:59+00:00\" \/>\n<meta property=\"og:image\" content=\"https:\/\/www.longobuccosrl.com\/wp-content\/uploads\/2022\/07\/MOR004.jpg\" \/>\n\t<meta property=\"og:image:width\" content=\"608\" \/>\n\t<meta property=\"og:image:height\" content=\"665\" \/>\n\t<meta property=\"og:image:type\" content=\"image\/jpeg\" \/>\n<meta name=\"twitter:card\" content=\"summary_large_image\" \/>\n<meta name=\"twitter:label1\" content=\"Tempo di lettura stimato\" \/>\n\t<meta name=\"twitter:data1\" content=\"1 minuto\" \/>\n<script type=\"application\/ld+json\" class=\"yoast-schema-graph\">{\"@context\":\"https:\\\/\\\/schema.org\",\"@graph\":[{\"@type\":\"WebPage\",\"@id\":\"https:\\\/\\\/www.longobuccosrl.com\\\/?product=salsiccia-curva-dolce-circa-300g\",\"url\":\"https:\\\/\\\/www.longobuccosrl.com\\\/?product=salsiccia-curva-dolce-circa-300g\",\"name\":\"SALSICCIA CURVA DOLCE (circa 300g) - Longobucco Srl\",\"isPartOf\":{\"@id\":\"https:\\\/\\\/www.longobuccosrl.com\\\/#website\"},\"primaryImageOfPage\":{\"@id\":\"https:\\\/\\\/www.longobuccosrl.com\\\/?product=salsiccia-curva-dolce-circa-300g#primaryimage\"},\"image\":{\"@id\":\"https:\\\/\\\/www.longobuccosrl.com\\\/?product=salsiccia-curva-dolce-circa-300g#primaryimage\"},\"thumbnailUrl\":\"https:\\\/\\\/www.longobuccosrl.com\\\/wp-content\\\/uploads\\\/2022\\\/07\\\/MOR004.jpg\",\"datePublished\":\"2022-07-27T15:23:37+00:00\",\"dateModified\":\"2026-04-15T09:56:59+00:00\",\"description\":\"La salsiccia \u00e8 il salume pi\u00f9 popolare della tradizione calabrese e si ottiene dalla spalla e dalla pancetta del suino. La salsiccia curva dolce \u00e8...\",\"breadcrumb\":{\"@id\":\"https:\\\/\\\/www.longobuccosrl.com\\\/?product=salsiccia-curva-dolce-circa-300g#breadcrumb\"},\"inLanguage\":\"it-IT\",\"potentialAction\":[{\"@type\":\"ReadAction\",\"target\":[\"https:\\\/\\\/www.longobuccosrl.com\\\/?product=salsiccia-curva-dolce-circa-300g\"]}]},{\"@type\":\"ImageObject\",\"inLanguage\":\"it-IT\",\"@id\":\"https:\\\/\\\/www.longobuccosrl.com\\\/?product=salsiccia-curva-dolce-circa-300g#primaryimage\",\"url\":\"https:\\\/\\\/www.longobuccosrl.com\\\/wp-content\\\/uploads\\\/2022\\\/07\\\/MOR004.jpg\",\"contentUrl\":\"https:\\\/\\\/www.longobuccosrl.com\\\/wp-content\\\/uploads\\\/2022\\\/07\\\/MOR004.jpg\",\"width\":608,\"height\":665},{\"@type\":\"BreadcrumbList\",\"@id\":\"https:\\\/\\\/www.longobuccosrl.com\\\/?product=salsiccia-curva-dolce-circa-300g#breadcrumb\",\"itemListElement\":[{\"@type\":\"ListItem\",\"position\":1,\"name\":\"Home\",\"item\":\"https:\\\/\\\/www.longobuccosrl.com\\\/\"},{\"@type\":\"ListItem\",\"position\":2,\"name\":\"Shop\",\"item\":\"https:\\\/\\\/www.longobuccosrl.com\\\/?page_id=3467\"},{\"@type\":\"ListItem\",\"position\":3,\"name\":\"SALSICCIA CURVA DOLCE (circa 300g)\"}]},{\"@type\":\"WebSite\",\"@id\":\"https:\\\/\\\/www.longobuccosrl.com\\\/#website\",\"url\":\"https:\\\/\\\/www.longobuccosrl.com\\\/\",\"name\":\"Longobucco Srl\",\"description\":\"Il sito web di Longobucco Srl\",\"potentialAction\":[{\"@type\":\"SearchAction\",\"target\":{\"@type\":\"EntryPoint\",\"urlTemplate\":\"https:\\\/\\\/www.longobuccosrl.com\\\/?s={search_term_string}\"},\"query-input\":{\"@type\":\"PropertyValueSpecification\",\"valueRequired\":true,\"valueName\":\"search_term_string\"}}],\"inLanguage\":\"it-IT\"}]}<\/script>\n<!-- \/ Yoast SEO plugin. -->","yoast_head_json":{"title":"SALSICCIA CURVA DOLCE (circa 300g) - Longobucco Srl","description":"La salsiccia \u00e8 il salume pi\u00f9 popolare della tradizione calabrese e si ottiene dalla spalla e dalla pancetta del suino. La salsiccia curva dolce \u00e8...","robots":{"index":"index","follow":"follow","max-snippet":"max-snippet:-1","max-image-preview":"max-image-preview:large","max-video-preview":"max-video-preview:-1"},"canonical":"https:\/\/www.longobuccosrl.com\/?product=salsiccia-curva-dolce-circa-300g","og_locale":"it_IT","og_type":"article","og_title":"SALSICCIA CURVA DOLCE (circa 300g) - Longobucco Srl","og_description":"La salsiccia \u00e8 il salume pi\u00f9 popolare della tradizione calabrese e si ottiene dalla spalla e dalla pancetta del suino. La salsiccia curva dolce \u00e8...","og_url":"https:\/\/www.longobuccosrl.com\/?product=salsiccia-curva-dolce-circa-300g","og_site_name":"Longobucco Srl","article_modified_time":"2026-04-15T09:56:59+00:00","og_image":[{"width":608,"height":665,"url":"https:\/\/www.longobuccosrl.com\/wp-content\/uploads\/2022\/07\/MOR004.jpg","type":"image\/jpeg"}],"twitter_card":"summary_large_image","twitter_misc":{"Tempo di lettura stimato":"1 minuto"},"schema":{"@context":"https:\/\/schema.org","@graph":[{"@type":"WebPage","@id":"https:\/\/www.longobuccosrl.com\/?product=salsiccia-curva-dolce-circa-300g","url":"https:\/\/www.longobuccosrl.com\/?product=salsiccia-curva-dolce-circa-300g","name":"SALSICCIA CURVA DOLCE (circa 300g) - Longobucco Srl","isPartOf":{"@id":"https:\/\/www.longobuccosrl.com\/#website"},"primaryImageOfPage":{"@id":"https:\/\/www.longobuccosrl.com\/?product=salsiccia-curva-dolce-circa-300g#primaryimage"},"image":{"@id":"https:\/\/www.longobuccosrl.com\/?product=salsiccia-curva-dolce-circa-300g#primaryimage"},"thumbnailUrl":"https:\/\/www.longobuccosrl.com\/wp-content\/uploads\/2022\/07\/MOR004.jpg","datePublished":"2022-07-27T15:23:37+00:00","dateModified":"2026-04-15T09:56:59+00:00","description":"La salsiccia \u00e8 il salume pi\u00f9 popolare della tradizione calabrese e si ottiene dalla spalla e dalla pancetta del suino. La salsiccia curva dolce \u00e8...","breadcrumb":{"@id":"https:\/\/www.longobuccosrl.com\/?product=salsiccia-curva-dolce-circa-300g#breadcrumb"},"inLanguage":"it-IT","potentialAction":[{"@type":"ReadAction","target":["https:\/\/www.longobuccosrl.com\/?product=salsiccia-curva-dolce-circa-300g"]}]},{"@type":"ImageObject","inLanguage":"it-IT","@id":"https:\/\/www.longobuccosrl.com\/?product=salsiccia-curva-dolce-circa-300g#primaryimage","url":"https:\/\/www.longobuccosrl.com\/wp-content\/uploads\/2022\/07\/MOR004.jpg","contentUrl":"https:\/\/www.longobuccosrl.com\/wp-content\/uploads\/2022\/07\/MOR004.jpg","width":608,"height":665},{"@type":"BreadcrumbList","@id":"https:\/\/www.longobuccosrl.com\/?product=salsiccia-curva-dolce-circa-300g#breadcrumb","itemListElement":[{"@type":"ListItem","position":1,"name":"Home","item":"https:\/\/www.longobuccosrl.com\/"},{"@type":"ListItem","position":2,"name":"Shop","item":"https:\/\/www.longobuccosrl.com\/?page_id=3467"},{"@type":"ListItem","position":3,"name":"SALSICCIA CURVA DOLCE (circa 300g)"}]},{"@type":"WebSite","@id":"https:\/\/www.longobuccosrl.com\/#website","url":"https:\/\/www.longobuccosrl.com\/","name":"Longobucco Srl","description":"Il sito web di Longobucco Srl","potentialAction":[{"@type":"SearchAction","target":{"@type":"EntryPoint","urlTemplate":"https:\/\/www.longobuccosrl.com\/?s={search_term_string}"},"query-input":{"@type":"PropertyValueSpecification","valueRequired":true,"valueName":"search_term_string"}}],"inLanguage":"it-IT"}]}},"jetpack_sharing_enabled":true,"_links":{"self":[{"href":"https:\/\/www.longobuccosrl.com\/index.php?rest_route=\/wp\/v2\/product\/3492","targetHints":{"allow":["GET"]}}],"collection":[{"href":"https:\/\/www.longobuccosrl.com\/index.php?rest_route=\/wp\/v2\/product"}],"about":[{"href":"https:\/\/www.longobuccosrl.com\/index.php?rest_route=\/wp\/v2\/types\/product"}],"replies":[{"embeddable":true,"href":"https:\/\/www.longobuccosrl.com\/index.php?rest_route=%2Fwp%2Fv2%2Fcomments&post=3492"}],"wp:featuredmedia":[{"embeddable":true,"href":"https:\/\/www.longobuccosrl.com\/index.php?rest_route=\/wp\/v2\/media\/3886"}],"wp:attachment":[{"href":"https:\/\/www.longobuccosrl.com\/index.php?rest_route=%2Fwp%2Fv2%2Fmedia&parent=3492"}],"wp:term":[{"taxonomy":"product_brand","embeddable":true,"href":"https:\/\/www.longobuccosrl.com\/index.php?rest_route=%2Fwp%2Fv2%2Fproduct_brand&post=3492"},{"taxonomy":"product_cat","embeddable":true,"href":"https:\/\/www.longobuccosrl.com\/index.php?rest_route=%2Fwp%2Fv2%2Fproduct_cat&post=3492"},{"taxonomy":"product_tag","embeddable":true,"href":"https:\/\/www.longobuccosrl.com\/index.php?rest_route=%2Fwp%2Fv2%2Fproduct_tag&post=3492"}],"curies":[{"name":"wp","href":"https:\/\/api.w.org\/{rel}","templated":true}]}}