{"id":3491,"date":"2022-07-27T17:19:23","date_gmt":"2022-07-27T15:19:23","guid":{"rendered":"https:\/\/www.longobuccosrl.com\/?post_type=product&#038;p=3491"},"modified":"2023-03-20T12:57:44","modified_gmt":"2023-03-20T11:57:44","slug":"soppressata-dolce-rossa-circa-350g","status":"publish","type":"product","link":"https:\/\/www.longobuccosrl.com\/?product=soppressata-dolce-rossa-circa-350g","title":{"rendered":"SOPPRESSATA DOLCE ROSSA (circa 350g)"},"content":{"rendered":"","protected":false},"excerpt":{"rendered":"<p>La soppressata \u00e8 uno dei salumi tipici calabresi pi\u00f9 conosciuto e apprezzato. E&#8217; ottenuta dalle parti pi\u00f9 magre del prosciutto e del filetto dei suini, attentamente selezionate e preparate: esse vengono tritate a grana grossa e impastate con un mix di pepe nero in polvere, leggermente spezzettato e intero, peperoncino rosso calabrese dolce in polvere e sale. Appena l\u2019impasto \u00e8 pronto viene insaccato e posto ad asciugare per circa 3 giorni, per poi proseguire la stagionatura a temperatura e umidit\u00e0 controllate per circa 45 giorni.<\/p>\n","protected":false},"featured_media":3198,"comment_status":"open","ping_status":"closed","template":"","meta":[],"product_brand":[],"product_cat":[40],"product_tag":[],"class_list":{"0":"post-3491","1":"product","2":"type-product","3":"status-publish","4":"has-post-thumbnail","6":"product_cat-salumi","8":"first","9":"instock","10":"taxable","11":"shipping-taxable","12":"purchasable","13":"product-type-simple"},"yoast_head":"<!-- This site is optimized with the Yoast SEO plugin v27.4 - https:\/\/yoast.com\/product\/yoast-seo-wordpress\/ -->\n<title>SOPPRESSATA DOLCE ROSSA (circa 350g) - Longobucco Srl<\/title>\n<meta name=\"description\" content=\"La soppressata dolce rossa \u00e8 uno dei salumi tipici calabresi pi\u00f9 conosciuto e apprezzato. \u00c8 ottenuta dalle parti pi\u00f9 magre del prosciutto e del filetto...\" \/>\n<meta name=\"robots\" content=\"index, follow, max-snippet:-1, max-image-preview:large, max-video-preview:-1\" \/>\n<link rel=\"canonical\" href=\"https:\/\/www.longobuccosrl.com\/?product=soppressata-dolce-rossa-circa-350g\" \/>\n<meta property=\"og:locale\" content=\"it_IT\" \/>\n<meta property=\"og:type\" content=\"article\" \/>\n<meta property=\"og:title\" content=\"SOPPRESSATA DOLCE ROSSA (circa 350g) - Longobucco Srl\" \/>\n<meta property=\"og:description\" content=\"La soppressata dolce rossa \u00e8 uno dei salumi tipici calabresi pi\u00f9 conosciuto e apprezzato. \u00c8 ottenuta dalle parti pi\u00f9 magre del prosciutto e del filetto...\" \/>\n<meta property=\"og:url\" content=\"https:\/\/www.longobuccosrl.com\/?product=soppressata-dolce-rossa-circa-350g\" \/>\n<meta property=\"og:site_name\" content=\"Longobucco Srl\" \/>\n<meta property=\"article:modified_time\" content=\"2023-03-20T11:57:44+00:00\" \/>\n<meta property=\"og:image\" content=\"https:\/\/www.longobuccosrl.com\/wp-content\/uploads\/2022\/06\/SOPPRESSATA-ROSSA-DOLCE-.jpeg\" \/>\n\t<meta property=\"og:image:width\" content=\"800\" \/>\n\t<meta property=\"og:image:height\" content=\"951\" \/>\n\t<meta property=\"og:image:type\" content=\"image\/jpeg\" \/>\n<meta name=\"twitter:card\" content=\"summary_large_image\" \/>\n<script type=\"application\/ld+json\" class=\"yoast-schema-graph\">{\"@context\":\"https:\\\/\\\/schema.org\",\"@graph\":[{\"@type\":\"WebPage\",\"@id\":\"https:\\\/\\\/www.longobuccosrl.com\\\/?product=soppressata-dolce-rossa-circa-350g\",\"url\":\"https:\\\/\\\/www.longobuccosrl.com\\\/?product=soppressata-dolce-rossa-circa-350g\",\"name\":\"SOPPRESSATA DOLCE ROSSA (circa 350g) - Longobucco Srl\",\"isPartOf\":{\"@id\":\"https:\\\/\\\/www.longobuccosrl.com\\\/#website\"},\"primaryImageOfPage\":{\"@id\":\"https:\\\/\\\/www.longobuccosrl.com\\\/?product=soppressata-dolce-rossa-circa-350g#primaryimage\"},\"image\":{\"@id\":\"https:\\\/\\\/www.longobuccosrl.com\\\/?product=soppressata-dolce-rossa-circa-350g#primaryimage\"},\"thumbnailUrl\":\"https:\\\/\\\/www.longobuccosrl.com\\\/wp-content\\\/uploads\\\/2022\\\/06\\\/SOPPRESSATA-ROSSA-DOLCE-.jpeg\",\"datePublished\":\"2022-07-27T15:19:23+00:00\",\"dateModified\":\"2023-03-20T11:57:44+00:00\",\"description\":\"La soppressata dolce rossa \u00e8 uno dei salumi tipici calabresi pi\u00f9 conosciuto e apprezzato. \u00c8 ottenuta dalle parti pi\u00f9 magre del prosciutto e del filetto...\",\"breadcrumb\":{\"@id\":\"https:\\\/\\\/www.longobuccosrl.com\\\/?product=soppressata-dolce-rossa-circa-350g#breadcrumb\"},\"inLanguage\":\"it-IT\",\"potentialAction\":[{\"@type\":\"ReadAction\",\"target\":[\"https:\\\/\\\/www.longobuccosrl.com\\\/?product=soppressata-dolce-rossa-circa-350g\"]}]},{\"@type\":\"ImageObject\",\"inLanguage\":\"it-IT\",\"@id\":\"https:\\\/\\\/www.longobuccosrl.com\\\/?product=soppressata-dolce-rossa-circa-350g#primaryimage\",\"url\":\"https:\\\/\\\/www.longobuccosrl.com\\\/wp-content\\\/uploads\\\/2022\\\/06\\\/SOPPRESSATA-ROSSA-DOLCE-.jpeg\",\"contentUrl\":\"https:\\\/\\\/www.longobuccosrl.com\\\/wp-content\\\/uploads\\\/2022\\\/06\\\/SOPPRESSATA-ROSSA-DOLCE-.jpeg\",\"width\":800,\"height\":951},{\"@type\":\"BreadcrumbList\",\"@id\":\"https:\\\/\\\/www.longobuccosrl.com\\\/?product=soppressata-dolce-rossa-circa-350g#breadcrumb\",\"itemListElement\":[{\"@type\":\"ListItem\",\"position\":1,\"name\":\"Home\",\"item\":\"https:\\\/\\\/www.longobuccosrl.com\\\/\"},{\"@type\":\"ListItem\",\"position\":2,\"name\":\"Shop\",\"item\":\"https:\\\/\\\/www.longobuccosrl.com\\\/?page_id=3467\"},{\"@type\":\"ListItem\",\"position\":3,\"name\":\"SOPPRESSATA DOLCE ROSSA (circa 350g)\"}]},{\"@type\":\"WebSite\",\"@id\":\"https:\\\/\\\/www.longobuccosrl.com\\\/#website\",\"url\":\"https:\\\/\\\/www.longobuccosrl.com\\\/\",\"name\":\"Longobucco Srl\",\"description\":\"Il sito web di Longobucco Srl\",\"potentialAction\":[{\"@type\":\"SearchAction\",\"target\":{\"@type\":\"EntryPoint\",\"urlTemplate\":\"https:\\\/\\\/www.longobuccosrl.com\\\/?s={search_term_string}\"},\"query-input\":{\"@type\":\"PropertyValueSpecification\",\"valueRequired\":true,\"valueName\":\"search_term_string\"}}],\"inLanguage\":\"it-IT\"}]}<\/script>\n<!-- \/ Yoast SEO plugin. -->","yoast_head_json":{"title":"SOPPRESSATA DOLCE ROSSA (circa 350g) - Longobucco Srl","description":"La soppressata dolce rossa \u00e8 uno dei salumi tipici calabresi pi\u00f9 conosciuto e apprezzato. \u00c8 ottenuta dalle parti pi\u00f9 magre del prosciutto e del filetto...","robots":{"index":"index","follow":"follow","max-snippet":"max-snippet:-1","max-image-preview":"max-image-preview:large","max-video-preview":"max-video-preview:-1"},"canonical":"https:\/\/www.longobuccosrl.com\/?product=soppressata-dolce-rossa-circa-350g","og_locale":"it_IT","og_type":"article","og_title":"SOPPRESSATA DOLCE ROSSA (circa 350g) - Longobucco Srl","og_description":"La soppressata dolce rossa \u00e8 uno dei salumi tipici calabresi pi\u00f9 conosciuto e apprezzato. \u00c8 ottenuta dalle parti pi\u00f9 magre del prosciutto e del filetto...","og_url":"https:\/\/www.longobuccosrl.com\/?product=soppressata-dolce-rossa-circa-350g","og_site_name":"Longobucco Srl","article_modified_time":"2023-03-20T11:57:44+00:00","og_image":[{"width":800,"height":951,"url":"https:\/\/www.longobuccosrl.com\/wp-content\/uploads\/2022\/06\/SOPPRESSATA-ROSSA-DOLCE-.jpeg","type":"image\/jpeg"}],"twitter_card":"summary_large_image","schema":{"@context":"https:\/\/schema.org","@graph":[{"@type":"WebPage","@id":"https:\/\/www.longobuccosrl.com\/?product=soppressata-dolce-rossa-circa-350g","url":"https:\/\/www.longobuccosrl.com\/?product=soppressata-dolce-rossa-circa-350g","name":"SOPPRESSATA DOLCE ROSSA (circa 350g) - Longobucco Srl","isPartOf":{"@id":"https:\/\/www.longobuccosrl.com\/#website"},"primaryImageOfPage":{"@id":"https:\/\/www.longobuccosrl.com\/?product=soppressata-dolce-rossa-circa-350g#primaryimage"},"image":{"@id":"https:\/\/www.longobuccosrl.com\/?product=soppressata-dolce-rossa-circa-350g#primaryimage"},"thumbnailUrl":"https:\/\/www.longobuccosrl.com\/wp-content\/uploads\/2022\/06\/SOPPRESSATA-ROSSA-DOLCE-.jpeg","datePublished":"2022-07-27T15:19:23+00:00","dateModified":"2023-03-20T11:57:44+00:00","description":"La soppressata dolce rossa \u00e8 uno dei salumi tipici calabresi pi\u00f9 conosciuto e apprezzato. \u00c8 ottenuta dalle parti pi\u00f9 magre del prosciutto e del filetto...","breadcrumb":{"@id":"https:\/\/www.longobuccosrl.com\/?product=soppressata-dolce-rossa-circa-350g#breadcrumb"},"inLanguage":"it-IT","potentialAction":[{"@type":"ReadAction","target":["https:\/\/www.longobuccosrl.com\/?product=soppressata-dolce-rossa-circa-350g"]}]},{"@type":"ImageObject","inLanguage":"it-IT","@id":"https:\/\/www.longobuccosrl.com\/?product=soppressata-dolce-rossa-circa-350g#primaryimage","url":"https:\/\/www.longobuccosrl.com\/wp-content\/uploads\/2022\/06\/SOPPRESSATA-ROSSA-DOLCE-.jpeg","contentUrl":"https:\/\/www.longobuccosrl.com\/wp-content\/uploads\/2022\/06\/SOPPRESSATA-ROSSA-DOLCE-.jpeg","width":800,"height":951},{"@type":"BreadcrumbList","@id":"https:\/\/www.longobuccosrl.com\/?product=soppressata-dolce-rossa-circa-350g#breadcrumb","itemListElement":[{"@type":"ListItem","position":1,"name":"Home","item":"https:\/\/www.longobuccosrl.com\/"},{"@type":"ListItem","position":2,"name":"Shop","item":"https:\/\/www.longobuccosrl.com\/?page_id=3467"},{"@type":"ListItem","position":3,"name":"SOPPRESSATA DOLCE ROSSA (circa 350g)"}]},{"@type":"WebSite","@id":"https:\/\/www.longobuccosrl.com\/#website","url":"https:\/\/www.longobuccosrl.com\/","name":"Longobucco Srl","description":"Il sito web di Longobucco Srl","potentialAction":[{"@type":"SearchAction","target":{"@type":"EntryPoint","urlTemplate":"https:\/\/www.longobuccosrl.com\/?s={search_term_string}"},"query-input":{"@type":"PropertyValueSpecification","valueRequired":true,"valueName":"search_term_string"}}],"inLanguage":"it-IT"}]}},"jetpack_sharing_enabled":true,"_links":{"self":[{"href":"https:\/\/www.longobuccosrl.com\/index.php?rest_route=\/wp\/v2\/product\/3491","targetHints":{"allow":["GET"]}}],"collection":[{"href":"https:\/\/www.longobuccosrl.com\/index.php?rest_route=\/wp\/v2\/product"}],"about":[{"href":"https:\/\/www.longobuccosrl.com\/index.php?rest_route=\/wp\/v2\/types\/product"}],"replies":[{"embeddable":true,"href":"https:\/\/www.longobuccosrl.com\/index.php?rest_route=%2Fwp%2Fv2%2Fcomments&post=3491"}],"wp:featuredmedia":[{"embeddable":true,"href":"https:\/\/www.longobuccosrl.com\/index.php?rest_route=\/wp\/v2\/media\/3198"}],"wp:attachment":[{"href":"https:\/\/www.longobuccosrl.com\/index.php?rest_route=%2Fwp%2Fv2%2Fmedia&parent=3491"}],"wp:term":[{"taxonomy":"product_brand","embeddable":true,"href":"https:\/\/www.longobuccosrl.com\/index.php?rest_route=%2Fwp%2Fv2%2Fproduct_brand&post=3491"},{"taxonomy":"product_cat","embeddable":true,"href":"https:\/\/www.longobuccosrl.com\/index.php?rest_route=%2Fwp%2Fv2%2Fproduct_cat&post=3491"},{"taxonomy":"product_tag","embeddable":true,"href":"https:\/\/www.longobuccosrl.com\/index.php?rest_route=%2Fwp%2Fv2%2Fproduct_tag&post=3491"}],"curies":[{"name":"wp","href":"https:\/\/api.w.org\/{rel}","templated":true}]}}