{"id":632,"date":"2017-02-02T14:27:30","date_gmt":"2017-02-02T14:27:30","guid":{"rendered":"http:\/\/test.kriesi.at\/enfold-2017\/?page_id=632"},"modified":"2022-12-02T12:52:18","modified_gmt":"2022-12-02T11:52:18","slug":"info-contatti","status":"publish","type":"page","link":"https:\/\/www.longobuccosrl.com\/?page_id=632","title":{"rendered":"Info&#038;Contatti | Longobucco Srl"},"content":{"rendered":"<div  class='av_gmaps_sc_main_wrap av_gmaps_main_wrap '><div id='av_gmap_0' class='avia-google-map-container avia-google-map-sc av_gmaps_show_unconditionally av-no-fallback-img ' data-mapid='av_gmap_0'  style='height: 400px;'><a class=\"av_gmaps_browser_disabled av_text_confirm_link av_text_confirm_link_visible\" href=\"https:\/\/www.google.com\/maps\/search\/?api=1&#038;query=Via%20Santa%20Lucia,%20270%2087064%20%20Corigliano%20Calabro%20%20Italia%20Italia\" target=\"_blank\" rel=\"noopener\">Le mappe sono state disabilitate dal visitatore di questo sito. Clicca per aprire la mappa in una nuova finestra.<\/a><\/div><\/div>\n\n<style type=\"text\/css\" data-created_by=\"avia_inline_auto\" id=\"style-css-av-bfrsg-144d777ef921247d99a26f04c2504019\">\n.avia-section.av-bfrsg-144d777ef921247d99a26f04c2504019 .av-extra-border-element .av-extra-border-inner{\nbackground-color:#ffffff;\n}\n<\/style>\n<div id='av_section_1'  class='avia-section av-bfrsg-144d777ef921247d99a26f04c2504019 main_color avia-section-large avia-no-border-styling  avia-builder-el-1  el_after_av_google_map  el_before_av_section  avia-bg-style-scroll av-arrow-down-section container_wrap sidebar_right'  ><div class='container av-section-cont-open' ><div class='template-page content  av-content-small alpha units'><div class='post-entry post-entry-type-page post-entry-632'><div class='entry-content-wrapper clearfix'>\n\n<style type=\"text\/css\" data-created_by=\"avia_inline_auto\" id=\"style-css-av-32jb48-4f4f3662fe3fe781cd34d5f6521d6eea\">\n#top .av-special-heading.av-32jb48-4f4f3662fe3fe781cd34d5f6521d6eea{\npadding-bottom:20px;\ncolor:#a51920;\nfont-size:40px;\n}\nbody .av-special-heading.av-32jb48-4f4f3662fe3fe781cd34d5f6521d6eea .av-special-heading-tag .heading-char{\nfont-size:25px;\n}\n#top #wrap_all .av-special-heading.av-32jb48-4f4f3662fe3fe781cd34d5f6521d6eea .av-special-heading-tag{\nfont-size:40px;\n}\n.av-special-heading.av-32jb48-4f4f3662fe3fe781cd34d5f6521d6eea .special-heading-inner-border{\nborder-color:#a51920;\n}\n.av-special-heading.av-32jb48-4f4f3662fe3fe781cd34d5f6521d6eea .av-subheading{\nfont-size:15px;\ncolor:#6b6b6b;\n}\n\n@media only screen and (min-width: 480px) and (max-width: 767px){ \n#top #wrap_all .av-special-heading.av-32jb48-4f4f3662fe3fe781cd34d5f6521d6eea .av-special-heading-tag{\nfont-size:0.8em;\n}\n}\n\n@media only screen and (max-width: 479px){ \n#top #wrap_all .av-special-heading.av-32jb48-4f4f3662fe3fe781cd34d5f6521d6eea .av-special-heading-tag{\nfont-size:0.8em;\n}\n}\n<\/style>\n<div  class='av-special-heading av-32jb48-4f4f3662fe3fe781cd34d5f6521d6eea av-special-heading-h2 custom-color-heading blockquote modern-quote  avia-builder-el-2  el_before_av_one_half  avia-builder-el-first  av-inherit-size'><div class='av_custom_color av-subheading av-subheading_above'><p>Longobucco Srl<\/p>\n<\/div><h2 class='av-special-heading-tag'  itemprop=\"headline\"  >Info <span class='special_amp'>&amp;<\/span> Contatti<\/h2><div class=\"special-heading-border\"><div class=\"special-heading-inner-border\"><\/div><\/div><\/div>\n\n<style type=\"text\/css\" data-created_by=\"avia_inline_auto\" id=\"style-css-av-2uoa2o-c9f765ce96b63604d9ea15714d44d200\">\n.flex_column.av-2uoa2o-c9f765ce96b63604d9ea15714d44d200{\n-webkit-border-radius:0px 0px 0px 0px;\n-moz-border-radius:0px 0px 0px 0px;\nborder-radius:0px 0px 0px 0px;\n}\n<\/style>\n<div class='flex_column av-2uoa2o-c9f765ce96b63604d9ea15714d44d200 av_one_half  avia-builder-el-3  el_after_av_heading  el_before_av_one_half  first flex_column_div av-animated-generic right-to-left av-zero-column-padding '     ><form action=\"https:\/\/www.longobuccosrl.com\/?page_id=632\" method=\"post\"  class=\"avia_ajax_form av-form-labels-visible   avia-builder-el-4  avia-builder-el-no-sibling   \" data-avia-form-id=\"1\" data-avia-redirect='' ><fieldset><p class='  first_form  form_element form_fullwidth' id='element_avia_1_1'><label for=\"avia_1_1\">Nome <abbr class=\"required\" title=\"richiesto\">*<\/abbr><\/label> <input name=\"avia_1_1\" class=\"text_input is_empty\" type=\"text\" id=\"avia_1_1\" value=\"\" \/><\/p><p class='  first_form  form_element form_fullwidth' id='element_avia_2_1'><label for=\"avia_2_1\">E-Mail <abbr class=\"required\" title=\"richiesto\">*<\/abbr><\/label> <input name=\"avia_2_1\" class=\"text_input is_email\" type=\"text\" id=\"avia_2_1\" value=\"\" \/><\/p><p class='  first_form  form_element form_fullwidth' id='element_avia_3_1'><label for=\"avia_3_1\">Oggetto <abbr class=\"required\" title=\"richiesto\">*<\/abbr><\/label> <input name=\"avia_3_1\" class=\"text_input is_empty\" type=\"text\" id=\"avia_3_1\" value=\"\" \/><\/p><p class='  first_form  form_element form_fullwidth' id='element_avia_4_1'><label for=\"avia_4_1\" class=\"textare_label hidden textare_label_avia_4_1\">Messaggio <abbr class=\"required\" title=\"richiesto\">*<\/abbr><\/label><textarea  name=\"avia_4_1\" class=\"text_area is_empty\" cols=\"40\" rows=\"7\" id=\"avia_4_1\" ><\/textarea><\/p><p class=\"hidden\"><input type=\"text\" name=\"avia_5_1\" class=\"hidden \" id=\"avia_5_1\" value=\"\" \/><\/p><p class='   form_element form_fullwidth' id='element_avia_6_1'><span class='value_verifier_label'>2 + 4 = ?<\/span><input name=\"avia_6_1_verifier\" type=\"hidden\" id=\"avia_6_1_verifier\" value=\"242738676\"\/><label for=\"avia_6_1\">Dimostra di essere umano risolvendo l'equazione <abbr class=\"required\" title=\"richiesto\">*<\/abbr><\/label><input name=\"avia_6_1\" class=\"text_input captcha\" type=\"text\" id=\"avia_6_1\" value=\"\"\/><\/p><p class=\"form_element \"><input type=\"hidden\" value=\"1\" name=\"avia_generated_form1\" \/><input type=\"submit\" value=\"Invia\" class=\"button\"  data-sending-label=\"Invio\"\/><\/p><\/fieldset><\/form><div id=\"ajaxresponse_1\" class=\"ajaxresponse ajaxresponse_1 hidden\"><\/div><\/div>\n<style type=\"text\/css\" data-created_by=\"avia_inline_auto\" id=\"style-css-av-1wxilc-c2ac0da017acbe2874ef55ce3a9155b2\">\n.flex_column.av-1wxilc-c2ac0da017acbe2874ef55ce3a9155b2{\n-webkit-border-radius:0px 0px 0px 0px;\n-moz-border-radius:0px 0px 0px 0px;\nborder-radius:0px 0px 0px 0px;\n}\n<\/style>\n<div class='flex_column av-1wxilc-c2ac0da017acbe2874ef55ce3a9155b2 av_one_half  avia-builder-el-5  el_after_av_one_half  avia-builder-el-last  flex_column_div av-animated-generic left-to-right av-zero-column-padding '     ><style type=\"text\/css\" data-created_by=\"avia_inline_auto\" id=\"style-css-av-1qsmfk-56a0cc9f97dc9d647349eba6d54d27b2\">\n#top .av_textblock_section.av-1qsmfk-56a0cc9f97dc9d647349eba6d54d27b2 .avia_textblock{\nfont-size:16px;\n}\n<\/style>\n<section  class='av_textblock_section av-1qsmfk-56a0cc9f97dc9d647349eba6d54d27b2'  itemscope=\"itemscope\" itemtype=\"https:\/\/schema.org\/CreativeWork\" ><div class='avia_textblock'  itemprop=\"text\" ><p><strong>Longobucco srl<\/strong> \u00e8 sinonimo di qualit\u00e0 e professionalit\u00e0. Lo scopo della nostra azienda \u00e8 quello di garantire la massima qualit\u00e0 del prodotto, oltre a funzionalit\u00e0 ed efficienza dei sistemi e un\u2019assistenza efficace e sempre disponibile. Siamo in grado di offrire alla nostra clientela dei prezzi vantaggiosi.<\/p>\n<p><strong>Longobucco srl<\/strong> produce pasta fresca artigianale di qualit\u00e0, selezionando con cura le migliori materie prime utilizzate, l&#8217;azienda \u00e8 oggi un punto di riferimento nella selezione distribuzione di pregiati alimenti in Italia e nel mondo.<\/p>\n<h4>INDIRIZZO<\/h4>\n<p>Via Santa Lucia, 270 &#8211; 87064<br \/>\nCorigliano Calabro, Cosenza, ITALY<\/p>\n<h4>CONTATTI<\/h4>\n<p>segreteria.longobuccosrl@gmail.com<br \/>\nmario.longobucco@live.it<br \/>\n0983.535228<\/p>\n<h4><\/h4>\n<\/div><\/section><\/div><\/div><\/div><\/div><!-- close content main div --><\/div><div class='av-extra-border-element border-extra-arrow-down'><div class='av-extra-border-outer'><div class='av-extra-border-inner'><\/div><\/div><\/div><\/div>\n<style type=\"text\/css\" data-created_by=\"avia_inline_auto\" id=\"style-css-av-1lslq0-c157c9601fb47adc5cf42db1278a1a6f\">\n.avia-section.av-1lslq0-c157c9601fb47adc5cf42db1278a1a6f{\nbackground-repeat:no-repeat;\nbackground-image:url(https:\/\/www.longobuccosrl.com\/wp-content\/uploads\/2022\/06\/Longobucco-Srl.jpeg);\nbackground-position:50% 50%;\nbackground-attachment:fixed;\n}\n.avia-section.av-1lslq0-c157c9601fb47adc5cf42db1278a1a6f .av-section-color-overlay{\nopacity:0.7;\nbackground-color:#35383c;\n}\n<\/style>\n<div id='newsletter'  class='avia-section av-1lslq0-c157c9601fb47adc5cf42db1278a1a6f main_color avia-section-huge avia-no-border-styling  avia-builder-el-7  el_after_av_section  avia-builder-el-last  avia-full-stretch avia-bg-style-fixed av-section-color-overlay-active container_wrap sidebar_right'  data-section-bg-repeat='stretch'><div class=\"av-section-color-overlay-wrap\"><div class=\"av-section-color-overlay\"><\/div><div class='container av-section-cont-open' ><div class='template-page content  av-content-small alpha units'><div class='post-entry post-entry-type-page post-entry-632'><div class='entry-content-wrapper clearfix'>\n\n<style type=\"text\/css\" data-created_by=\"avia_inline_auto\" id=\"style-css-av-1f4hfk-c085fed6206941df3ca41bb23cbf0751\">\n#top .av-special-heading.av-1f4hfk-c085fed6206941df3ca41bb23cbf0751{\npadding-bottom:20px;\ncolor:#ffffff;\nfont-size:40px;\n}\nbody .av-special-heading.av-1f4hfk-c085fed6206941df3ca41bb23cbf0751 .av-special-heading-tag .heading-char{\nfont-size:25px;\n}\n#top #wrap_all .av-special-heading.av-1f4hfk-c085fed6206941df3ca41bb23cbf0751 .av-special-heading-tag{\nfont-size:40px;\n}\n.av-special-heading.av-1f4hfk-c085fed6206941df3ca41bb23cbf0751 .special-heading-inner-border{\nborder-color:#ffffff;\n}\n.av-special-heading.av-1f4hfk-c085fed6206941df3ca41bb23cbf0751 .av-subheading{\nfont-size:15px;\n}\n\n@media only screen and (min-width: 480px) and (max-width: 767px){ \n#top #wrap_all .av-special-heading.av-1f4hfk-c085fed6206941df3ca41bb23cbf0751 .av-special-heading-tag{\nfont-size:0.8em;\n}\n}\n\n@media only screen and (max-width: 479px){ \n#top #wrap_all .av-special-heading.av-1f4hfk-c085fed6206941df3ca41bb23cbf0751 .av-special-heading-tag{\nfont-size:0.8em;\n}\n}\n<\/style>\n<div  class='av-special-heading av-1f4hfk-c085fed6206941df3ca41bb23cbf0751 av-special-heading-h1 custom-color-heading blockquote modern-quote modern-centered  avia-builder-el-8  el_before_av_one_fifth  avia-builder-el-first  av-inherit-size'><h1 class='av-special-heading-tag'  itemprop=\"headline\"  >Vuoi rimanere costantemente aggiornato sulle nostre novit\u00e0?<br \/>\nIscriviti alla nostra Newsletter!<\/h1><div class=\"special-heading-border\"><div class=\"special-heading-inner-border\"><\/div><\/div><\/div>\n\n<style type=\"text\/css\" data-created_by=\"avia_inline_auto\" id=\"style-css-av-17yn0w-80b1ee9f2a1bca932986fe96d86e5349\">\n.flex_column.av-17yn0w-80b1ee9f2a1bca932986fe96d86e5349{\n-webkit-border-radius:0px 0px 0px 0px;\n-moz-border-radius:0px 0px 0px 0px;\nborder-radius:0px 0px 0px 0px;\n}\n<\/style>\n<div class='flex_column av-17yn0w-80b1ee9f2a1bca932986fe96d86e5349 av_one_fifth  avia-builder-el-9  el_after_av_heading  el_before_av_three_fifth  first flex_column_div av-animated-generic fade-in av-zero-column-padding '     ><\/div>\n<style type=\"text\/css\" data-created_by=\"avia_inline_auto\" id=\"style-css-av-11rim8-0668607bab65ddcd197ff174c43b7a6d\">\n.flex_column.av-11rim8-0668607bab65ddcd197ff174c43b7a6d{\n-webkit-border-radius:0px 0px 0px 0px;\n-moz-border-radius:0px 0px 0px 0px;\nborder-radius:0px 0px 0px 0px;\n}\n<\/style>\n<div class='flex_column av-11rim8-0668607bab65ddcd197ff174c43b7a6d av_three_fifth  avia-builder-el-10  el_after_av_one_fifth  el_before_av_one_fifth  flex_column_div av-animated-generic fade-in av-zero-column-padding '     ><p><form action=\"https:\/\/www.longobuccosrl.com\/?page_id=632\" method=\"post\"  class=\"avia_ajax_form av-form-labels-hidden   avia-builder-el-11  el_before_av_textblock  avia-builder-el-first  av-custom-form-color av-light-form \" data-avia-form-id=\"2\" data-avia-redirect='' ><fieldset><p class='  first_form  form_element form_element_third' id='element_avia_1_2'><label for=\"avia_1_2\">Nome <abbr class=\"required\" title=\"richiesto\">*<\/abbr><\/label> <input name=\"avia_1_2\" class=\"text_input is_empty\" type=\"text\" id=\"avia_1_2\" value=\"\"  placeholder='Nome*'\/><\/p><p class='  form_element form_element_third av-last-visible-form-element' id='element_avia_2_2'><label for=\"avia_2_2\">E-Mail <abbr class=\"required\" title=\"richiesto\">*<\/abbr><\/label> <input name=\"avia_2_2\" class=\"text_input is_email\" type=\"text\" id=\"avia_2_2\" value=\"\"  placeholder='E-Mail*'\/><\/p><p class=\"hidden\"><input type=\"text\" name=\"avia_3_2\" class=\"hidden \" id=\"avia_3_2\" value=\"\" \/><\/p><p class=\"form_element form_element_third modified_width\"><input type=\"hidden\" value=\"1\" name=\"avia_generated_form2\" \/><input type=\"submit\" value=\"Invia\" class=\"button\"  data-sending-label=\"Invio\"\/><\/p><\/fieldset><\/form><div id=\"ajaxresponse_2\" class=\"ajaxresponse ajaxresponse_2 hidden\"><\/div><br \/>\n\n<style type=\"text\/css\" data-created_by=\"avia_inline_auto\" id=\"style-css-av-e9zko-a42ec9babca160cb91b275914569788d\">\n#top .av_textblock_section.av-e9zko-a42ec9babca160cb91b275914569788d .avia_textblock{\ncolor:#cecece;\n}\n<\/style>\n<section  class='av_textblock_section av-e9zko-a42ec9babca160cb91b275914569788d'  itemscope=\"itemscope\" itemtype=\"https:\/\/schema.org\/CreativeWork\" ><div class='avia_textblock av_inherit_color'  itemprop=\"text\" ><p style=\"text-align: center;\">Rispettiamo la tua privacy. Non inviamo mai spam o passiamo le tue informazioni a terze parti.<\/p>\n<\/div><\/section><\/p><\/div>\n<style type=\"text\/css\" data-created_by=\"avia_inline_auto\" id=\"style-css-av-9d7dk-91de775d5f9867538714ba96a4799334\">\n.flex_column.av-9d7dk-91de775d5f9867538714ba96a4799334{\n-webkit-border-radius:0px 0px 0px 0px;\n-moz-border-radius:0px 0px 0px 0px;\nborder-radius:0px 0px 0px 0px;\n}\n<\/style>\n<div class='flex_column av-9d7dk-91de775d5f9867538714ba96a4799334 av_one_fifth  avia-builder-el-13  el_after_av_three_fifth  avia-builder-el-last  flex_column_div av-animated-generic fade-in av-zero-column-padding '     ><\/div>\n<\/div><\/div><\/div><!-- close content main div --><\/div><\/div><\/div><div id='after_section_2'  class='main_color av_default_container_wrap container_wrap sidebar_right'  ><div class='container av-section-cont-open' ><div class='template-page content  av-content-small alpha units'><div class='post-entry post-entry-type-page post-entry-632'><div class='entry-content-wrapper clearfix'><\/p>\n","protected":false},"excerpt":{"rendered":"","protected":false},"author":1,"featured_media":3234,"parent":0,"menu_order":0,"comment_status":"closed","ping_status":"closed","template":"","meta":{"footnotes":""},"class_list":["post-632","page","type-page","status-publish","has-post-thumbnail","hentry"],"yoast_head":"<!-- This site is optimized with the Yoast SEO plugin v27.4 - https:\/\/yoast.com\/product\/yoast-seo-wordpress\/ -->\n<title>Info&amp;Contatti | Longobucco Srl - Longobucco Srl<\/title>\n<meta name=\"description\" content=\"Info &amp; Contatti di Longobucco Srl, con sede a Corigliano Calabro in provincia di Cosenza in Calabria, produce pasta fresca artigianale...\" \/>\n<meta name=\"robots\" content=\"index, follow, max-snippet:-1, max-image-preview:large, max-video-preview:-1\" \/>\n<link rel=\"canonical\" href=\"https:\/\/www.longobuccosrl.com\/?page_id=632\" \/>\n<meta property=\"og:locale\" content=\"it_IT\" \/>\n<meta property=\"og:type\" content=\"article\" \/>\n<meta property=\"og:title\" content=\"Info&amp;Contatti | Longobucco Srl - Longobucco Srl\" \/>\n<meta property=\"og:description\" content=\"Info &amp; Contatti di Longobucco Srl, con sede a Corigliano Calabro in provincia di Cosenza in Calabria, produce pasta fresca artigianale...\" \/>\n<meta property=\"og:url\" content=\"https:\/\/www.longobuccosrl.com\/?page_id=632\" \/>\n<meta property=\"og:site_name\" content=\"Longobucco Srl\" \/>\n<meta property=\"article:modified_time\" content=\"2022-12-02T11:52:18+00:00\" \/>\n<meta property=\"og:image\" content=\"https:\/\/www.longobuccosrl.com\/wp-content\/uploads\/2022\/06\/Produzione-pasta-secca-artigianale-in-Calabria.jpg\" \/>\n\t<meta property=\"og:image:width\" content=\"600\" \/>\n\t<meta property=\"og:image:height\" content=\"600\" \/>\n\t<meta property=\"og:image:type\" content=\"image\/jpeg\" \/>\n<meta name=\"twitter:card\" content=\"summary_large_image\" \/>\n<meta name=\"twitter:label1\" content=\"Tempo di lettura stimato\" \/>\n\t<meta name=\"twitter:data1\" content=\"5 minuti\" \/>\n<script type=\"application\/ld+json\" class=\"yoast-schema-graph\">{\"@context\":\"https:\\\/\\\/schema.org\",\"@graph\":[{\"@type\":\"WebPage\",\"@id\":\"https:\\\/\\\/www.longobuccosrl.com\\\/?page_id=632\",\"url\":\"https:\\\/\\\/www.longobuccosrl.com\\\/?page_id=632\",\"name\":\"Info&Contatti | Longobucco Srl - Longobucco Srl\",\"isPartOf\":{\"@id\":\"https:\\\/\\\/www.longobuccosrl.com\\\/#website\"},\"primaryImageOfPage\":{\"@id\":\"https:\\\/\\\/www.longobuccosrl.com\\\/?page_id=632#primaryimage\"},\"image\":{\"@id\":\"https:\\\/\\\/www.longobuccosrl.com\\\/?page_id=632#primaryimage\"},\"thumbnailUrl\":\"https:\\\/\\\/www.longobuccosrl.com\\\/wp-content\\\/uploads\\\/2022\\\/06\\\/Produzione-pasta-secca-artigianale-in-Calabria.jpg\",\"datePublished\":\"2017-02-02T14:27:30+00:00\",\"dateModified\":\"2022-12-02T11:52:18+00:00\",\"description\":\"Info & Contatti di Longobucco Srl, con sede a Corigliano Calabro in provincia di Cosenza in Calabria, produce pasta fresca artigianale...\",\"breadcrumb\":{\"@id\":\"https:\\\/\\\/www.longobuccosrl.com\\\/?page_id=632#breadcrumb\"},\"inLanguage\":\"it-IT\",\"potentialAction\":[{\"@type\":\"ReadAction\",\"target\":[\"https:\\\/\\\/www.longobuccosrl.com\\\/?page_id=632\"]}]},{\"@type\":\"ImageObject\",\"inLanguage\":\"it-IT\",\"@id\":\"https:\\\/\\\/www.longobuccosrl.com\\\/?page_id=632#primaryimage\",\"url\":\"https:\\\/\\\/www.longobuccosrl.com\\\/wp-content\\\/uploads\\\/2022\\\/06\\\/Produzione-pasta-secca-artigianale-in-Calabria.jpg\",\"contentUrl\":\"https:\\\/\\\/www.longobuccosrl.com\\\/wp-content\\\/uploads\\\/2022\\\/06\\\/Produzione-pasta-secca-artigianale-in-Calabria.jpg\",\"width\":600,\"height\":600},{\"@type\":\"BreadcrumbList\",\"@id\":\"https:\\\/\\\/www.longobuccosrl.com\\\/?page_id=632#breadcrumb\",\"itemListElement\":[{\"@type\":\"ListItem\",\"position\":1,\"name\":\"Home\",\"item\":\"https:\\\/\\\/www.longobuccosrl.com\\\/\"},{\"@type\":\"ListItem\",\"position\":2,\"name\":\"Info&#038;Contatti | Longobucco Srl\"}]},{\"@type\":\"WebSite\",\"@id\":\"https:\\\/\\\/www.longobuccosrl.com\\\/#website\",\"url\":\"https:\\\/\\\/www.longobuccosrl.com\\\/\",\"name\":\"Longobucco Srl\",\"description\":\"Il sito web di Longobucco Srl\",\"potentialAction\":[{\"@type\":\"SearchAction\",\"target\":{\"@type\":\"EntryPoint\",\"urlTemplate\":\"https:\\\/\\\/www.longobuccosrl.com\\\/?s={search_term_string}\"},\"query-input\":{\"@type\":\"PropertyValueSpecification\",\"valueRequired\":true,\"valueName\":\"search_term_string\"}}],\"inLanguage\":\"it-IT\"}]}<\/script>\n<!-- \/ Yoast SEO plugin. -->","yoast_head_json":{"title":"Info&Contatti | Longobucco Srl - Longobucco Srl","description":"Info & Contatti di Longobucco Srl, con sede a Corigliano Calabro in provincia di Cosenza in Calabria, produce pasta fresca artigianale...","robots":{"index":"index","follow":"follow","max-snippet":"max-snippet:-1","max-image-preview":"max-image-preview:large","max-video-preview":"max-video-preview:-1"},"canonical":"https:\/\/www.longobuccosrl.com\/?page_id=632","og_locale":"it_IT","og_type":"article","og_title":"Info&Contatti | Longobucco Srl - Longobucco Srl","og_description":"Info & Contatti di Longobucco Srl, con sede a Corigliano Calabro in provincia di Cosenza in Calabria, produce pasta fresca artigianale...","og_url":"https:\/\/www.longobuccosrl.com\/?page_id=632","og_site_name":"Longobucco Srl","article_modified_time":"2022-12-02T11:52:18+00:00","og_image":[{"width":600,"height":600,"url":"https:\/\/www.longobuccosrl.com\/wp-content\/uploads\/2022\/06\/Produzione-pasta-secca-artigianale-in-Calabria.jpg","type":"image\/jpeg"}],"twitter_card":"summary_large_image","twitter_misc":{"Tempo di lettura stimato":"5 minuti"},"schema":{"@context":"https:\/\/schema.org","@graph":[{"@type":"WebPage","@id":"https:\/\/www.longobuccosrl.com\/?page_id=632","url":"https:\/\/www.longobuccosrl.com\/?page_id=632","name":"Info&Contatti | Longobucco Srl - Longobucco Srl","isPartOf":{"@id":"https:\/\/www.longobuccosrl.com\/#website"},"primaryImageOfPage":{"@id":"https:\/\/www.longobuccosrl.com\/?page_id=632#primaryimage"},"image":{"@id":"https:\/\/www.longobuccosrl.com\/?page_id=632#primaryimage"},"thumbnailUrl":"https:\/\/www.longobuccosrl.com\/wp-content\/uploads\/2022\/06\/Produzione-pasta-secca-artigianale-in-Calabria.jpg","datePublished":"2017-02-02T14:27:30+00:00","dateModified":"2022-12-02T11:52:18+00:00","description":"Info & Contatti di Longobucco Srl, con sede a Corigliano Calabro in provincia di Cosenza in Calabria, produce pasta fresca artigianale...","breadcrumb":{"@id":"https:\/\/www.longobuccosrl.com\/?page_id=632#breadcrumb"},"inLanguage":"it-IT","potentialAction":[{"@type":"ReadAction","target":["https:\/\/www.longobuccosrl.com\/?page_id=632"]}]},{"@type":"ImageObject","inLanguage":"it-IT","@id":"https:\/\/www.longobuccosrl.com\/?page_id=632#primaryimage","url":"https:\/\/www.longobuccosrl.com\/wp-content\/uploads\/2022\/06\/Produzione-pasta-secca-artigianale-in-Calabria.jpg","contentUrl":"https:\/\/www.longobuccosrl.com\/wp-content\/uploads\/2022\/06\/Produzione-pasta-secca-artigianale-in-Calabria.jpg","width":600,"height":600},{"@type":"BreadcrumbList","@id":"https:\/\/www.longobuccosrl.com\/?page_id=632#breadcrumb","itemListElement":[{"@type":"ListItem","position":1,"name":"Home","item":"https:\/\/www.longobuccosrl.com\/"},{"@type":"ListItem","position":2,"name":"Info&#038;Contatti | Longobucco Srl"}]},{"@type":"WebSite","@id":"https:\/\/www.longobuccosrl.com\/#website","url":"https:\/\/www.longobuccosrl.com\/","name":"Longobucco Srl","description":"Il sito web di Longobucco Srl","potentialAction":[{"@type":"SearchAction","target":{"@type":"EntryPoint","urlTemplate":"https:\/\/www.longobuccosrl.com\/?s={search_term_string}"},"query-input":{"@type":"PropertyValueSpecification","valueRequired":true,"valueName":"search_term_string"}}],"inLanguage":"it-IT"}]}},"jetpack_sharing_enabled":true,"_links":{"self":[{"href":"https:\/\/www.longobuccosrl.com\/index.php?rest_route=\/wp\/v2\/pages\/632","targetHints":{"allow":["GET"]}}],"collection":[{"href":"https:\/\/www.longobuccosrl.com\/index.php?rest_route=\/wp\/v2\/pages"}],"about":[{"href":"https:\/\/www.longobuccosrl.com\/index.php?rest_route=\/wp\/v2\/types\/page"}],"author":[{"embeddable":true,"href":"https:\/\/www.longobuccosrl.com\/index.php?rest_route=\/wp\/v2\/users\/1"}],"replies":[{"embeddable":true,"href":"https:\/\/www.longobuccosrl.com\/index.php?rest_route=%2Fwp%2Fv2%2Fcomments&post=632"}],"version-history":[{"count":16,"href":"https:\/\/www.longobuccosrl.com\/index.php?rest_route=\/wp\/v2\/pages\/632\/revisions"}],"predecessor-version":[{"id":3664,"href":"https:\/\/www.longobuccosrl.com\/index.php?rest_route=\/wp\/v2\/pages\/632\/revisions\/3664"}],"wp:featuredmedia":[{"embeddable":true,"href":"https:\/\/www.longobuccosrl.com\/index.php?rest_route=\/wp\/v2\/media\/3234"}],"wp:attachment":[{"href":"https:\/\/www.longobuccosrl.com\/index.php?rest_route=%2Fwp%2Fv2%2Fmedia&parent=632"}],"curies":[{"name":"wp","href":"https:\/\/api.w.org\/{rel}","templated":true}]}}