{"id":613,"date":"2017-02-02T12:29:24","date_gmt":"2017-02-02T12:29:24","guid":{"rendered":"http:\/\/test.kriesi.at\/enfold-2017\/?page_id=613"},"modified":"2022-06-30T10:38:08","modified_gmt":"2022-06-30T08:38:08","slug":"cookie-policy","status":"publish","type":"page","link":"https:\/\/www.longobuccosrl.com\/?page_id=613","title":{"rendered":"Cookie Policy | Longobucco Srl"},"content":{"rendered":"<div id='av_section_1'  class='avia-section av-e667p-363abfb87a2555626357bbadf1e154bd main_color avia-section-default avia-no-border-styling  avia-builder-el-0  avia-builder-el-no-sibling  avia-bg-style-scroll container_wrap sidebar_right'  ><div class='container av-section-cont-open' ><main  role=\"main\" itemprop=\"mainContentOfPage\"  class='template-page content  av-content-small alpha units'><div class='post-entry post-entry-type-page post-entry-613'><div class='entry-content-wrapper clearfix'>\n<div class='flex_column av-94b59-0786804a42e19741c2d7437ba483a581 av_one_full  avia-builder-el-1  avia-builder-el-no-sibling  first flex_column_div '     ><p>\n<style type=\"text\/css\" data-created_by=\"avia_inline_auto\" id=\"style-css-av-l50rprkw-e7ae71d1dbf158091afe0eeb71a5d79d\">\n#top .av-special-heading.av-l50rprkw-e7ae71d1dbf158091afe0eeb71a5d79d{\npadding-bottom:10px;\n}\nbody .av-special-heading.av-l50rprkw-e7ae71d1dbf158091afe0eeb71a5d79d .av-special-heading-tag .heading-char{\nfont-size:25px;\n}\n.av-special-heading.av-l50rprkw-e7ae71d1dbf158091afe0eeb71a5d79d .av-subheading{\nfont-size:15px;\n}\n<\/style>\n<div  class='av-special-heading av-l50rprkw-e7ae71d1dbf158091afe0eeb71a5d79d av-special-heading-h2 blockquote modern-quote  avia-builder-el-2  el_before_av_hr  avia-builder-el-first '><h2 class='av-special-heading-tag'  itemprop=\"headline\"  >Cookie Policy<\/h2><div class=\"special-heading-border\"><div class=\"special-heading-inner-border\"><\/div><\/div><\/div><br \/>\n<div  class='hr av-l50rq03g-c64f0a43a8a2eb158d1869c3790d3bb3 hr-short  avia-builder-el-3  el_after_av_heading  el_before_av_textblock  hr-left'><span class='hr-inner '><span class=\"hr-inner-style\"><\/span><\/span><\/div><br \/>\n<section  class='av_textblock_section av-l50rr3f0-e3d30694f37dfb5429b1e45ad127c51b'  itemscope=\"itemscope\" itemtype=\"https:\/\/schema.org\/CreativeWork\" ><div class='avia_textblock'  itemprop=\"text\" ><p>In materia di protezione dei dati personali in ottemperanza al Decreto Legislativo 101\/2018 e s.m.i. ed al Regolamento GDPR 679\/2016, con la presente si vuole offrire un\u2019informativa sulle tipologie di cookie utilizzati sul sito: www.longobuccosrl.com<\/p>\n<h3>Premessa<\/h3>\n<p>La presente informativa \u00e8 resa ai sensi dell\u2019art. 13 del D.Lgs 101\/2018 e s.m.i. e del regolamento GDPR 679\/2016, ed \u00e8 rivolta a coloro che interagiscono con i servizi web di<strong> Longobucco S.r.l.<\/strong>, accessibili per via telematica a partire dall\u2019indirizzo: www.longobuccosrl.com corrispondente alla pagina iniziale del sito ufficiale di<strong> Longobucco S.r.l.<\/strong>.<\/p>\n<p><strong>Longobucco S.r.l.<\/strong>\u00a0tratta dati personali al fine di:<\/p>\n<ul>\n<li>Fornire i propri servizi ai clienti ed utenti;<\/li>\n<li>Rilevare le frequenze di visita ai siti, migliorare i suoi prodotti e servizi;<\/li>\n<li>Comunicare aggiornamenti di Suo interesse.<\/li>\n<\/ul>\n<p>Per tali finalit\u00e0 vengono utilizzate determinate tecnologie che possono essere utilizzate sul nostro sito web appunto per migliorarlo e renderlo pi\u00f9 facile da usare, efficace e sicuro. Esse consentono a noi, o a terzi che operano per noi, di rilevare dati automaticamente. Esempi di tali soluzioni tecnologiche sono i cookie, i Web beacon e tecnologie similari.<\/p>\n<h3>Cosa sono i cookie, i web beacon e tecnologie similari?<\/h3>\n<p>Come quasi tutti i siti Web, anche il sito www.longobuccosrl.com usa file di dati di piccole dimensioni, che vengono salvati sul tuo computer, tablet, telefono cellulare o altro dispositivo mobile (indicati complessivamente come \u201cdispositivo\u201d) per registrare determinati dati ogni volta che accedi o interagisci con i nostri siti, servizi, app, sistemi di messaggistica e strumenti.<\/p>\n<p>I nomi e i tipi specifici di cookie, web beacon e altre tecnologie similari usati possono cambiare nel tempo. Per aiutarti a comprendere meglio le regole e l\u2019uso di tali tecnologie, di seguito sono riportati alcuni termini con le relative definizioni.<\/p>\n<p><strong>Cookie<\/strong>: piccoli file di testo (formati in genere da lettere e numeri) che vengono salvati nella memoria del browser o del dispositivo quando visiti un sito o visualizzi un messaggio. I cookie consentono a un sito di riconoscere un particolare dispositivo o browser. Esistono diversi tipi di cookie:<\/p>\n<ul>\n<li>Temporanei (o di sessione): sono utilizzati per archiviare informazioni temporanee, consentono di collegare le tue azioni durante quella sessione specifica e sono rimossi dal computer alla chiusura del Browser;<\/li>\n<li>Permanenti (o salvati): sono utilizzati per archiviare informazioni, ad esempio il nome e la password di accesso, in modo da evitare che l\u2019utente debba ridigitarli ogni volta che visita un sito specifico; rimangono memorizzati nel computer anche dopo aver chiuso il Browser;<\/li>\n<li>Di prima parte: derivano dal sito Web visualizzato e possono essere permanenti o temporanei; possono essere utilizzati per archiviare informazioni che verranno riutilizzate alla successiva visita del sito;<\/li>\n<li>Di terze parti: derivano da annunci di altri siti, ad esempio popup o striscioni pubblicitari, presenti nel sito Web visualizzato; possono essere utilizzati per registrare l\u2019utilizzo del sito Web a scopo di marketing.<\/li>\n<\/ul>\n<p>I cookie possono essere disattivati o rimossi usando gli strumenti disponibili nella maggior parte dei browser. Le preferenze relative ai cookie devono essere impostate separatamente per ciascun browser usato, poich\u00e9 ognuno di essi offre funzionalit\u00e0 e opzioni specifiche.<\/p>\n<p><strong>Web beacon<\/strong>: frammenti di codice che consentono a un sito web di trasferire o raccogliere informazioni attraverso la richiesta di un\u2019immagine grafica; possono essere utilizzati per diversi fini, quali l\u2019analisi dell\u2019uso dei siti web, attivit\u00e0 di controllo e reportistica sulle pubblicit\u00e0 e la personalizzazione di pubblicit\u00e0 e contenuti.<\/p>\n<p><strong>Tecnologie similari<\/strong>: tecnologie che archiviano dati nel browser o dispositivo usando oggetti condivisi a livello locale o archiviazione locale, quali cookie flash, cookie HTML 5 e altri metodi software per applicazioni web. Queste tecnologie funzionano in tutti i browser. In alcuni casi l\u2019uso dell\u2019archiviazione locale non pu\u00f2 essere pienamente gestito dai browser, ma richiede la gestione tramite strumenti specifici. Non usiamo tali tecnologie per memorizzare informazioni utili per creare pubblicit\u00e0 mirate sul nostro o su altri siti.<\/p>\n<h3>Le categorie di cookie che utilizziamo<\/h3>\n<p>I cookie che noi utilizziamo, innanzitutto, non registrano alcuna informazione personale su un utente e gli eventuali dati identificabili non verranno memorizzati, essi sono utili per assicurare il funzionamento dei nostri servizi e ci permettono di migliorare le prestazioni. Queste tecnologie consentono ai nostri siti, servizi, app e strumenti di conservare informazioni importanti nel tuo browser o dispositivo e quindi di usarle successivamente per identificarti sui nostri server o sistemi interni. Laddove applicabile, proteggiamo i cookies e altre tecnologie simili per assicurare che solo<strong> Longobucco S.r.l.<\/strong>. e\/o i nostri fornitori di servizi autorizzati possano interpretarli assegnando loro un codice univoco. I tuoi dati personali non vengono archiviati in cookie o altre tecnologie similari usate.<\/p>\n<p>Tutti i dati personali acquisiti e archiviati tramite l\u2019uso di queste tecnologie vengono ottenuti solo dopo averti fornito una specifica informativa.<\/p>\n<p>Ci serviamo di diverse tipologie di cookie in relazione al loro utilizzo, in particolare:<\/p>\n<p><strong>Cookie Tecnici<\/strong><\/p>\n<p>Sono di due categorie:<\/p>\n<ul>\n<li>Persistenti: una volta chiuso il browser non vengono distrutti ma rimangono fino ad una data di scadenza preimpostata;<\/li>\n<li>Di sessione: vengono distrutti ogni volta che il browser viene chiuso.<\/li>\n<\/ul>\n<p>Questa tipologia di cookie \u00e8 strettamente necessaria al corretto funzionamento di alcune sezioni del sito dal punto di vista operativo. L\u2019uso di cookie, web beacon o altre tecnologie similari pu\u00f2 essere necessario per il funzionamento di siti, servizi, app e strumenti. Questo include tecnologie che consentono all\u2019utente di accedere ai siti, servizi, app e strumenti richiesti per evitare attivit\u00e0 fraudolente e migliorare la sicurezza o di usare altre funzioni quali carrelli, ricerche salvate o funzioni simili.<\/p>\n<p>Le informazioni per questa tipologia di cookie sono trasmesse in modo automatico, ed in virt\u00f9 della finalit\u00e0 appena descritta, non \u00e8 necessario il consenso dell\u2019utente.<\/p>\n<p>Le informazioni raccolte potrebbero essere le seguenti:<\/p>\n<ul>\n<li>Indirizzo Internet Protocol (IP);<\/li>\n<li>Tipo di browser e parametri del dispositivo usato per connettersi al sito;<\/li>\n<li>Nome dell\u2019Internet Service Provider (ISP);<\/li>\n<li>Data e orario di visita;<\/li>\n<li>Pagina web di provenienza del visitatore (referral) e di uscita;<\/li>\n<li>Eventualmente il numero di click.<\/li>\n<\/ul>\n<p>Le suddette informazioni potrebbero essere utilizzate, conformemente alle leggi vigenti in materia, al fine di bloccare tentativi di danneggiamento al sito medesimo o di recare danno ad altri utenti, o comunque attivit\u00e0 dannose o costituenti reato. Tali dati non sono mai utilizzati per l\u2019identificazione o la profilazione dell\u2019utente, ma solo a fini di tutela del sito e dei suoi utenti.<\/p>\n<h3>Le categorie di cookie che potremmo utilizzare<\/h3>\n<p><strong>Cookie analitici<\/strong><\/p>\n<p>Questi cookie vengono utilizzati per collezionare informazioni sull\u2019uso del sito, in merito ad analisi statistiche anonime al fine di migliorare l\u2019utilizzo del sito e per rendere i contenuti pi\u00f9 interessanti e attinenti ai desideri dell\u2019utenza. Questa tipologia di cookie raccoglie dati in forma anonima sull\u2019attivit\u00e0 dell\u2019utenza e su come \u00e8 arrivata sul sito.<\/p>\n<p>Pi\u00f9 precisamente:<\/p>\n<ul>\n<li>In relazione alle prestazioni del sito, possiamo usare cookie, web beacon o altre tecnologie similari per valutare le prestazioni dei nostri siti web, app, strumenti e servizi, anche nell\u2019ambito delle attivit\u00e0 di analisi per capire in che modo i visitatori usano il nostro sito web, stabilire se hanno interagito con il nostro sistema di messaggistica o visualizzato un elemento o un collegamento, o per migliorare i contenuti, le app, i servizi o gli strumenti del sito;<\/li>\n<li>In relazione alla funzionalit\u00e0 del sito. Possiamo usare cookie, web beacon o altre tecnologie similari per offrirti funzionalit\u00e0 avanzate durante l\u2019accesso o l\u2019uso dei nostri siti, servizi, app o strumenti. Grazie a queste funzionalit\u00e0 possiamo, ad esempio, identificare gli utenti che accedono ai nostri siti o monitorarne preferenze, interessi o oggetti visualizzati in precedenza, in modo da migliorare la presentazione dei contenuti sui nostri siti.<\/li>\n<\/ul>\n<p>Il consenso per l\u2019utilizzo dei cookie analitici viene da lei rilasciato nel momento in cui accetta la presente informativa attraverso il banner presente sulla pagina di atterraggio del sito. Con il suo consenso, lei dar\u00e0 al titolare dei dati, Alessandro Gobbo, la possibilit\u00e0 utilizzare tali cookie per il miglioramento dei servizi offerti, per consentire di avere notizie sulle pagine pi\u00f9 visitate del sito, gli articoli pi\u00f9 acquistati ed avere una maggiore percezione delle preferenze degli utenti.<\/p>\n<p>Il consenso non \u00e8 obbligatorio per cui se lei ritiene di non accettare l\u2019utilizzo di questi cookie, potr\u00e0 disattivarli, bloccarli o eliminarli se il suo dispositivo lo consente. Pu\u00f2 gestire i cookie e le preferenze dei cookie nelle impostazioni del dispositivo o del browser. Se desidera disabilitare l\u2019uso dei cookie \u00e8 necessario personalizzare le impostazioni del proprio computer impostando la cancellazione di tutti i cookie (vedi sezione seguente \u201cCome gestire i cookie sul suo PC\u201d). In questo caso potrebbe non essere in grado di sfruttare determinate funzioni, servizi, app o strumenti del sito Web. Il sito potrebbe richiederle di reinserire la password pi\u00f9 volte durante una stessa sessione.<\/p>\n<p>Per procedere, invece, senza modificare l\u2019applicazione dei cookie \u00e8 sufficiente continuare con la navigazione.<\/p>\n<p>Laddove possibile, vengono implementate misure di sicurezza per impedire l\u2019accesso non autorizzato a cookie e tecnologie simili. Un codice univoco garantisce che solo noi e\/o i nostri fornitori di servizi autorizzati possano accedere ai dati dei cookie.<\/p>\n<p>I fornitori di servizi sono aziende che ci supportano in vari aspetti della nostra attivit\u00e0, occupandosi, ad esempio, di operazioni, servizi, app e strumenti del sito. Possono anche acquisire informazioni che consentono loro di identificare il tuo dispositivo, quale l\u2019indirizzo IP o altri codici univoci o di dispositivo.<\/p>\n<p>Determinate funzioni, servizi, app e strumenti del sito sono disponibili solo attraverso l\u2019uso di queste tecnologie. Potrai sempre bloccarle, eliminarle o disattivarle se il tuo browser, l\u2019app installata o il dispositivo usato lo consentono. Per ulteriori informazioni su come bloccare, eliminare o disattivare tali tecnologie, consulta le impostazioni del dispositivo o del browser usato.<\/p>\n<h3>Google Analytics<\/h3>\n<p>Il nostro sito utilizza Google Analytics di Google, Inc., un servizio offre statistiche di misurazione ed analisi delle performance del sito, tramite l\u2019uso di Cookie. Per consultare l\u2019informativa privacy del servizio Google Analytics, visiti la pagina http:\/\/www.google.com\/intl\/en\/analytics\/privacyoverview.html. Per le norme sulla privacy di Google, segnaliamo il seguente indirizzo http:\/\/www.google.com\/intl\/it\/privacy\/privacy-policy.html).<\/p>\n<h3>Come gestire i cookie sul suo PC<\/h3>\n<p>\u00c8 possibile modificare le impostazioni del browser in modo da eliminare o impedire l\u2019archiviazione di alcuni cookie sul proprio computer o dispositivo mobile in assenza di esplicito consenso. La sezione \u201cAiuto\u201d del browser dovrebbe fornire informazioni su come gestire le impostazioni relative ai cookie. Per scoprire come farlo sul proprio browser, leggere qui:<\/p>\n<ul>\n<li>Internet Explorer: https:\/\/support.microsoft.com\/help\/17442\/windows-internet-explorer-delete-manage-cookies<\/li>\n<li>Mozilla Firefox: https:\/\/support.mozilla.com\/en-US\/kb\/Cookies<\/li>\n<li>Google Chrome: https:\/\/www.google.com\/support\/chrome\/bin\/answer.py?hl=en&amp;answer=95647<\/li>\n<li>Safari: https:\/\/support.apple.com\/kb\/PH5042<\/li>\n<li>Opera: https:\/\/www.opera.com\/browser\/tutorials\/security\/privacy\/<\/li>\n<li>Adobe (cookie Flash): https:\/\/www.adobe.com\/privacy\/policies\/flash-player.html<\/li>\n<\/ul>\n<p>\u00c8 possibile visitare https:\/\/www.aboutads.info\/choices oppure https:\/\/www.youronlinechoices.eu\/ per informazioni sulle opzioni che alcuni terzi con i quali collaboriamo offrono per rifiutare alcune attivit\u00e0 di targeting pubblicitario. Sar\u00e0 necessario visitare i siti web da ciascun browser e dispositivo per cui si desidera rifiutare i cookie. Dal momento che gli strumenti di opt-out possono dipendere dai cookie, potrebbe essere necessario visitare nuovamente queste pagine per reimpostare le preferenze in caso di cancellazione dei cookie.<\/p>\n<h3>Titolare del trattamento e responsabile del trattamento<\/h3>\n<p>Il titolare del trattamento \u00e8<strong> Longobucco S.r.l.<\/strong>., i dati raccolti dal sito sono trattati presso la sede operativa del<strong> Longobucco S.r.l.<\/strong>..<\/p>\n<h3>Modalit\u00e0 di esercizio dei diritti dell\u2019utente<\/h3>\n<p>Ogni utente ha la facolt\u00e0 di esercitare in ogni momento i diritti al Capo III ai sensi degli artt. da 12 a 24 del Regolamento GDPR 679\/2016 (Diritti dell\u2019interessato), in particolare:<\/p>\n<ul>\n<li>Richiedere la conferma dell\u2019esistenza di dati personali che lo riguardano (diritto di accesso);<\/li>\n<li>Conoscerne l\u2019origine;<\/li>\n<li>Riceverne comunicazione intelligibile;<\/li>\n<li>Avere informazioni circa la logica, le modalit\u00e0 e le finalit\u00e0 del trattamento;<\/li>\n<li>Richiederne l\u2019aggiornamento, la rettifica, l\u2019integrazione, la cancellazione, la trasformazione in forma anonima, il blocco dei dati trattati in violazione di legge, ivi compresi quelli non pi\u00f9 necessari al perseguimento degli scopi per i quali sono stati raccolti;<\/li>\n<li>Nei casi di trattamento basato su consenso, ricevere al solo costo dell\u2019eventuale supporto, i suoi dati forniti al titolare, in forma strutturata e leggibile da un elaboratore di dati e in un formato comunemente usato da un dispositivo elettronico;<\/li>\n<li>Il diritto di presentare un reclamo all\u2019Autorit\u00e0 di controllo (Garante Privacy);<\/li>\n<li>Nonch\u00e9, pi\u00f9 in generale, esercitare tutti i diritti che gli sono riconosciuti dalle vigenti disposizioni di legge.<\/li>\n<\/ul>\n<p>Le richieste vanno rivolte al Titolare del trattamento scrivendo all\u2019indirizzo e-mail: mario.longobucco@live.it<\/p>\n<p>Per ogni ulteriore informazione sui cookie contattaci scrivendo a: mario.longobucco@live.it<\/p>\n<\/div><\/section><\/p><\/div><\/div><\/div><\/main><!-- close content main element --><\/div><\/div><div id='after_section_1'  class='main_color av_default_container_wrap container_wrap sidebar_right'  ><div class='container av-section-cont-open' ><div class='template-page content  av-content-small alpha units'><div class='post-entry post-entry-type-page post-entry-613'><div class='entry-content-wrapper clearfix'>\n","protected":false},"excerpt":{"rendered":"","protected":false},"author":1,"featured_media":3346,"parent":0,"menu_order":0,"comment_status":"closed","ping_status":"closed","template":"","meta":{"footnotes":""},"class_list":["post-613","page","type-page","status-publish","has-post-thumbnail","hentry"],"yoast_head":"<!-- This site is optimized with the Yoast SEO plugin v27.4 - https:\/\/yoast.com\/product\/yoast-seo-wordpress\/ -->\n<title>Cookie Policy | Longobucco Srl - Longobucco Srl<\/title>\n<meta name=\"description\" content=\"Cookie Policy di Longobucco Srl, specializzata nella produzione di pasta fresca artigianale, con distribuzione in Italia e nel mondo...\" \/>\n<meta name=\"robots\" content=\"index, follow, max-snippet:-1, max-image-preview:large, max-video-preview:-1\" \/>\n<link rel=\"canonical\" href=\"https:\/\/www.longobuccosrl.com\/?page_id=613\" \/>\n<meta property=\"og:locale\" content=\"it_IT\" \/>\n<meta property=\"og:type\" content=\"article\" \/>\n<meta property=\"og:title\" content=\"Cookie Policy | Longobucco Srl - Longobucco Srl\" \/>\n<meta property=\"og:description\" content=\"Cookie Policy di Longobucco Srl, specializzata nella produzione di pasta fresca artigianale, con distribuzione in Italia e nel mondo...\" \/>\n<meta property=\"og:url\" content=\"https:\/\/www.longobuccosrl.com\/?page_id=613\" \/>\n<meta property=\"og:site_name\" content=\"Longobucco Srl\" \/>\n<meta property=\"article:modified_time\" content=\"2022-06-30T08:38:08+00:00\" \/>\n<meta property=\"og:image\" content=\"https:\/\/www.longobuccosrl.com\/wp-content\/uploads\/2022\/06\/Produzione-di-pasta-fresca-in-Calabria-e-distribuzione.jpg\" \/>\n\t<meta property=\"og:image:width\" content=\"1920\" \/>\n\t<meta property=\"og:image:height\" content=\"1280\" \/>\n\t<meta property=\"og:image:type\" content=\"image\/jpeg\" \/>\n<meta name=\"twitter:card\" content=\"summary_large_image\" \/>\n<meta name=\"twitter:label1\" content=\"Tempo di lettura stimato\" \/>\n\t<meta name=\"twitter:data1\" content=\"15 minuti\" \/>\n<script type=\"application\/ld+json\" class=\"yoast-schema-graph\">{\"@context\":\"https:\\\/\\\/schema.org\",\"@graph\":[{\"@type\":\"WebPage\",\"@id\":\"https:\\\/\\\/www.longobuccosrl.com\\\/?page_id=613\",\"url\":\"https:\\\/\\\/www.longobuccosrl.com\\\/?page_id=613\",\"name\":\"Cookie Policy | Longobucco Srl - Longobucco Srl\",\"isPartOf\":{\"@id\":\"https:\\\/\\\/www.longobuccosrl.com\\\/#website\"},\"primaryImageOfPage\":{\"@id\":\"https:\\\/\\\/www.longobuccosrl.com\\\/?page_id=613#primaryimage\"},\"image\":{\"@id\":\"https:\\\/\\\/www.longobuccosrl.com\\\/?page_id=613#primaryimage\"},\"thumbnailUrl\":\"https:\\\/\\\/www.longobuccosrl.com\\\/wp-content\\\/uploads\\\/2022\\\/06\\\/Produzione-di-pasta-fresca-in-Calabria-e-distribuzione.jpg\",\"datePublished\":\"2017-02-02T12:29:24+00:00\",\"dateModified\":\"2022-06-30T08:38:08+00:00\",\"description\":\"Cookie Policy di Longobucco Srl, specializzata nella produzione di pasta fresca artigianale, con distribuzione in Italia e nel mondo...\",\"breadcrumb\":{\"@id\":\"https:\\\/\\\/www.longobuccosrl.com\\\/?page_id=613#breadcrumb\"},\"inLanguage\":\"it-IT\",\"potentialAction\":[{\"@type\":\"ReadAction\",\"target\":[\"https:\\\/\\\/www.longobuccosrl.com\\\/?page_id=613\"]}]},{\"@type\":\"ImageObject\",\"inLanguage\":\"it-IT\",\"@id\":\"https:\\\/\\\/www.longobuccosrl.com\\\/?page_id=613#primaryimage\",\"url\":\"https:\\\/\\\/www.longobuccosrl.com\\\/wp-content\\\/uploads\\\/2022\\\/06\\\/Produzione-di-pasta-fresca-in-Calabria-e-distribuzione.jpg\",\"contentUrl\":\"https:\\\/\\\/www.longobuccosrl.com\\\/wp-content\\\/uploads\\\/2022\\\/06\\\/Produzione-di-pasta-fresca-in-Calabria-e-distribuzione.jpg\",\"width\":1920,\"height\":1280},{\"@type\":\"BreadcrumbList\",\"@id\":\"https:\\\/\\\/www.longobuccosrl.com\\\/?page_id=613#breadcrumb\",\"itemListElement\":[{\"@type\":\"ListItem\",\"position\":1,\"name\":\"Home\",\"item\":\"https:\\\/\\\/www.longobuccosrl.com\\\/\"},{\"@type\":\"ListItem\",\"position\":2,\"name\":\"Cookie Policy | Longobucco Srl\"}]},{\"@type\":\"WebSite\",\"@id\":\"https:\\\/\\\/www.longobuccosrl.com\\\/#website\",\"url\":\"https:\\\/\\\/www.longobuccosrl.com\\\/\",\"name\":\"Longobucco Srl\",\"description\":\"Il sito web di Longobucco Srl\",\"potentialAction\":[{\"@type\":\"SearchAction\",\"target\":{\"@type\":\"EntryPoint\",\"urlTemplate\":\"https:\\\/\\\/www.longobuccosrl.com\\\/?s={search_term_string}\"},\"query-input\":{\"@type\":\"PropertyValueSpecification\",\"valueRequired\":true,\"valueName\":\"search_term_string\"}}],\"inLanguage\":\"it-IT\"}]}<\/script>\n<!-- \/ Yoast SEO plugin. -->","yoast_head_json":{"title":"Cookie Policy | Longobucco Srl - Longobucco Srl","description":"Cookie Policy di Longobucco Srl, specializzata nella produzione di pasta fresca artigianale, con distribuzione in Italia e nel mondo...","robots":{"index":"index","follow":"follow","max-snippet":"max-snippet:-1","max-image-preview":"max-image-preview:large","max-video-preview":"max-video-preview:-1"},"canonical":"https:\/\/www.longobuccosrl.com\/?page_id=613","og_locale":"it_IT","og_type":"article","og_title":"Cookie Policy | Longobucco Srl - Longobucco Srl","og_description":"Cookie Policy di Longobucco Srl, specializzata nella produzione di pasta fresca artigianale, con distribuzione in Italia e nel mondo...","og_url":"https:\/\/www.longobuccosrl.com\/?page_id=613","og_site_name":"Longobucco Srl","article_modified_time":"2022-06-30T08:38:08+00:00","og_image":[{"width":1920,"height":1280,"url":"https:\/\/www.longobuccosrl.com\/wp-content\/uploads\/2022\/06\/Produzione-di-pasta-fresca-in-Calabria-e-distribuzione.jpg","type":"image\/jpeg"}],"twitter_card":"summary_large_image","twitter_misc":{"Tempo di lettura stimato":"15 minuti"},"schema":{"@context":"https:\/\/schema.org","@graph":[{"@type":"WebPage","@id":"https:\/\/www.longobuccosrl.com\/?page_id=613","url":"https:\/\/www.longobuccosrl.com\/?page_id=613","name":"Cookie Policy | Longobucco Srl - Longobucco Srl","isPartOf":{"@id":"https:\/\/www.longobuccosrl.com\/#website"},"primaryImageOfPage":{"@id":"https:\/\/www.longobuccosrl.com\/?page_id=613#primaryimage"},"image":{"@id":"https:\/\/www.longobuccosrl.com\/?page_id=613#primaryimage"},"thumbnailUrl":"https:\/\/www.longobuccosrl.com\/wp-content\/uploads\/2022\/06\/Produzione-di-pasta-fresca-in-Calabria-e-distribuzione.jpg","datePublished":"2017-02-02T12:29:24+00:00","dateModified":"2022-06-30T08:38:08+00:00","description":"Cookie Policy di Longobucco Srl, specializzata nella produzione di pasta fresca artigianale, con distribuzione in Italia e nel mondo...","breadcrumb":{"@id":"https:\/\/www.longobuccosrl.com\/?page_id=613#breadcrumb"},"inLanguage":"it-IT","potentialAction":[{"@type":"ReadAction","target":["https:\/\/www.longobuccosrl.com\/?page_id=613"]}]},{"@type":"ImageObject","inLanguage":"it-IT","@id":"https:\/\/www.longobuccosrl.com\/?page_id=613#primaryimage","url":"https:\/\/www.longobuccosrl.com\/wp-content\/uploads\/2022\/06\/Produzione-di-pasta-fresca-in-Calabria-e-distribuzione.jpg","contentUrl":"https:\/\/www.longobuccosrl.com\/wp-content\/uploads\/2022\/06\/Produzione-di-pasta-fresca-in-Calabria-e-distribuzione.jpg","width":1920,"height":1280},{"@type":"BreadcrumbList","@id":"https:\/\/www.longobuccosrl.com\/?page_id=613#breadcrumb","itemListElement":[{"@type":"ListItem","position":1,"name":"Home","item":"https:\/\/www.longobuccosrl.com\/"},{"@type":"ListItem","position":2,"name":"Cookie Policy | Longobucco Srl"}]},{"@type":"WebSite","@id":"https:\/\/www.longobuccosrl.com\/#website","url":"https:\/\/www.longobuccosrl.com\/","name":"Longobucco Srl","description":"Il sito web di Longobucco Srl","potentialAction":[{"@type":"SearchAction","target":{"@type":"EntryPoint","urlTemplate":"https:\/\/www.longobuccosrl.com\/?s={search_term_string}"},"query-input":{"@type":"PropertyValueSpecification","valueRequired":true,"valueName":"search_term_string"}}],"inLanguage":"it-IT"}]}},"jetpack_sharing_enabled":true,"_links":{"self":[{"href":"https:\/\/www.longobuccosrl.com\/index.php?rest_route=\/wp\/v2\/pages\/613","targetHints":{"allow":["GET"]}}],"collection":[{"href":"https:\/\/www.longobuccosrl.com\/index.php?rest_route=\/wp\/v2\/pages"}],"about":[{"href":"https:\/\/www.longobuccosrl.com\/index.php?rest_route=\/wp\/v2\/types\/page"}],"author":[{"embeddable":true,"href":"https:\/\/www.longobuccosrl.com\/index.php?rest_route=\/wp\/v2\/users\/1"}],"replies":[{"embeddable":true,"href":"https:\/\/www.longobuccosrl.com\/index.php?rest_route=%2Fwp%2Fv2%2Fcomments&post=613"}],"version-history":[{"count":3,"href":"https:\/\/www.longobuccosrl.com\/index.php?rest_route=\/wp\/v2\/pages\/613\/revisions"}],"predecessor-version":[{"id":3409,"href":"https:\/\/www.longobuccosrl.com\/index.php?rest_route=\/wp\/v2\/pages\/613\/revisions\/3409"}],"wp:featuredmedia":[{"embeddable":true,"href":"https:\/\/www.longobuccosrl.com\/index.php?rest_route=\/wp\/v2\/media\/3346"}],"wp:attachment":[{"href":"https:\/\/www.longobuccosrl.com\/index.php?rest_route=%2Fwp%2Fv2%2Fmedia&parent=613"}],"curies":[{"name":"wp","href":"https:\/\/api.w.org\/{rel}","templated":true}]}}